{"id":382,"date":"2020-08-02T12:46:28","date_gmt":"2020-08-02T10:46:28","guid":{"rendered":"https:\/\/hgv-unterliederbach.de\/?page_id=382"},"modified":"2020-08-22T10:03:08","modified_gmt":"2020-08-22T08:03:08","slug":"schulen","status":"publish","type":"page","link":"https:\/\/hgv-unterliederbach.de\/?page_id=382","title":{"rendered":"Schulen"},"content":{"rendered":"\t\t<div data-elementor-type=\"wp-page\" data-elementor-id=\"382\" class=\"elementor elementor-382\">\n\t\t\t\t\t\t<section class=\"elementor-section elementor-top-section elementor-element elementor-element-b02239e elementor-section-boxed elementor-section-height-default elementor-section-height-default\" data-id=\"b02239e\" data-element_type=\"section\" data-e-type=\"section\">\n\t\t\t\t\t\t<div class=\"elementor-container elementor-column-gap-default\">\n\t\t\t\t\t<div class=\"elementor-column elementor-col-100 elementor-top-column elementor-element elementor-element-713a341\" data-id=\"713a341\" data-element_type=\"column\" data-e-type=\"column\">\n\t\t\t<div class=\"elementor-widget-wrap elementor-element-populated\">\n\t\t\t\t\t\t<div class=\"elementor-element elementor-element-c729616 elementor-widget elementor-widget-heading\" data-id=\"c729616\" data-element_type=\"widget\" data-e-type=\"widget\" data-widget_type=\"heading.default\">\n\t\t\t\t<div class=\"elementor-widget-container\">\n\t\t\t\t\t<h1 class=\"elementor-heading-title elementor-size-default\">Schulen<\/h1>\t\t\t\t<\/div>\n\t\t\t\t<\/div>\n\t\t\t\t\t<\/div>\n\t\t<\/div>\n\t\t\t\t\t<\/div>\n\t\t<\/section>\n\t\t\t\t<section class=\"elementor-section elementor-top-section elementor-element elementor-element-116d7d0 elementor-section-boxed elementor-section-height-default elementor-section-height-default\" data-id=\"116d7d0\" data-element_type=\"section\" data-e-type=\"section\">\n\t\t\t\t\t\t<div class=\"elementor-container elementor-column-gap-default\">\n\t\t\t\t\t<div class=\"elementor-column elementor-col-50 elementor-top-column elementor-element elementor-element-4daa0c7\" data-id=\"4daa0c7\" data-element_type=\"column\" data-e-type=\"column\">\n\t\t\t<div class=\"elementor-widget-wrap elementor-element-populated\">\n\t\t\t\t\t\t<div class=\"elementor-element elementor-element-ac11899 elementor-widget elementor-widget-text-editor\" data-id=\"ac11899\" data-element_type=\"widget\" data-e-type=\"widget\" data-widget_type=\"text-editor.default\">\n\t\t\t\t<div class=\"elementor-widget-container\">\n\t\t\t\t\t\t\t\t\t<p><span class=\"ff2 fc0 fs10 \">Die erste Schule von Unterliederbach war an der Hauptstra\u00dfe, heute &#8222;Marktplatz&#8220;. 1882 kaufte die Gemeinde das Brevernsche Schl\u00f6sschen und richtete die Schule darin ein. Im Jahr 1907 wurde eine neue Volksschule am Nieder Weg, heute Hunsr\u00fcckstra\u00dfe, gebaut. Nach einer Vergr\u00f6\u00dferung wurde sie im am 22.4.1944 bei einem Luftangriff auf Frankfurt durch eine Luftmine zerst\u00f6rt. Nach dem Krieg wurde die Schule an gleicher Stelle 1952 wieder aufgebaut und eingeweiht, jedoch schon 1980 wieder abgerissen und durch ein der Zeit entsprechendes Geb\u00e4ude ersetzt.<\/span><\/p>\t\t\t\t\t\t\t\t<\/div>\n\t\t\t\t<\/div>\n\t\t\t\t\t<\/div>\n\t\t<\/div>\n\t\t\t\t<div class=\"elementor-column elementor-col-50 elementor-top-column elementor-element elementor-element-b63c4df\" data-id=\"b63c4df\" data-element_type=\"column\" data-e-type=\"column\">\n\t\t\t<div class=\"elementor-widget-wrap elementor-element-populated\">\n\t\t\t\t\t\t<div class=\"elementor-element elementor-element-ecdc209 elementor-arrows-position-inside elementor-pagination-position-outside elementor-widget elementor-widget-image-carousel\" data-id=\"ecdc209\" data-element_type=\"widget\" data-e-type=\"widget\" data-settings=\"{&quot;slides_to_show&quot;:&quot;1&quot;,&quot;navigation&quot;:&quot;both&quot;,&quot;autoplay&quot;:&quot;yes&quot;,&quot;pause_on_hover&quot;:&quot;yes&quot;,&quot;pause_on_interaction&quot;:&quot;yes&quot;,&quot;autoplay_speed&quot;:5000,&quot;infinite&quot;:&quot;yes&quot;,&quot;effect&quot;:&quot;slide&quot;,&quot;speed&quot;:500}\" data-widget_type=\"image-carousel.default\">\n\t\t\t\t<div class=\"elementor-widget-container\">\n\t\t\t\t\t\t\t<div class=\"elementor-image-carousel-wrapper swiper\" role=\"region\" aria-roledescription=\"carousel\" aria-label=\"Bild Karussell\" dir=\"ltr\">\n\t\t\t<div class=\"elementor-image-carousel swiper-wrapper\" aria-live=\"off\">\n\t\t\t\t\t\t\t\t<div class=\"swiper-slide\" role=\"group\" aria-roledescription=\"slide\" aria-label=\"1 von 2\"><a data-elementor-open-lightbox=\"yes\" data-elementor-lightbox-slideshow=\"ecdc209\" data-elementor-lightbox-title=\"Volksschule 05\" data-e-action-hash=\"#elementor-action%3Aaction%3Dlightbox%26settings%3DeyJpZCI6ODg4LCJ1cmwiOiJodHRwczpcL1wvaGd2LXVudGVybGllZGVyYmFjaC5kZVwvd3AtY29udGVudFwvdXBsb2Fkc1wvMjAyMFwvMDhcL1ZvbGtzc2NodWxlLTA1LXNjYWxlZC5qcGciLCJzbGlkZXNob3ciOiJlY2RjMjA5In0%3D\" href=\"https:\/\/hgv-unterliederbach.de\/wp-content\/uploads\/2020\/08\/Volksschule-05-scaled.jpg\"><figure class=\"swiper-slide-inner\"><img decoding=\"async\" class=\"swiper-slide-image\" src=\"https:\/\/hgv-unterliederbach.de\/wp-content\/uploads\/2020\/08\/Volksschule-05-300x189.jpg\" alt=\"Volksschule\" \/><\/figure><\/a><\/div><div class=\"swiper-slide\" role=\"group\" aria-roledescription=\"slide\" aria-label=\"2 von 2\"><a data-elementor-open-lightbox=\"yes\" data-elementor-lightbox-slideshow=\"ecdc209\" data-elementor-lightbox-title=\"Unterliederbach,_Ludwig-Erhard-Schule_50\" data-e-action-hash=\"#elementor-action%3Aaction%3Dlightbox%26settings%3DeyJpZCI6ODkyLCJ1cmwiOiJodHRwczpcL1wvaGd2LXVudGVybGllZGVyYmFjaC5kZVwvd3AtY29udGVudFwvdXBsb2Fkc1wvMjAyMFwvMDhcL1VudGVybGllZGVyYmFjaF9MdWR3aWctRXJoYXJkLVNjaHVsZV81MC5qcGciLCJzbGlkZXNob3ciOiJlY2RjMjA5In0%3D\" href=\"https:\/\/hgv-unterliederbach.de\/wp-content\/uploads\/2020\/08\/Unterliederbach_Ludwig-Erhard-Schule_50.jpg\"><figure class=\"swiper-slide-inner\"><img decoding=\"async\" class=\"swiper-slide-image\" src=\"https:\/\/hgv-unterliederbach.de\/wp-content\/uploads\/2020\/08\/Unterliederbach_Ludwig-Erhard-Schule_50-300x199.jpg\" alt=\"Ludwig-Erhard-Schule\" \/><\/figure><\/a><\/div>\t\t\t<\/div>\n\t\t\t\t\t\t\t\t\t\t\t\t<div class=\"elementor-swiper-button elementor-swiper-button-prev\" role=\"button\" tabindex=\"0\">\n\t\t\t\t\t\t<i aria-hidden=\"true\" class=\"eicon-chevron-left\"><\/i>\t\t\t\t\t<\/div>\n\t\t\t\t\t<div class=\"elementor-swiper-button elementor-swiper-button-next\" role=\"button\" tabindex=\"0\">\n\t\t\t\t\t\t<i aria-hidden=\"true\" class=\"eicon-chevron-right\"><\/i>\t\t\t\t\t<\/div>\n\t\t\t\t\n\t\t\t\t\t\t\t\t\t<div class=\"swiper-pagination\"><\/div>\n\t\t\t\t\t\t\t\t\t<\/div>\n\t\t\t\t\t\t<\/div>\n\t\t\t\t<\/div>\n\t\t\t\t\t<\/div>\n\t\t<\/div>\n\t\t\t\t\t<\/div>\n\t\t<\/section>\n\t\t\t\t<section class=\"elementor-section elementor-top-section elementor-element elementor-element-43fb2a0 elementor-section-boxed elementor-section-height-default elementor-section-height-default\" data-id=\"43fb2a0\" data-element_type=\"section\" data-e-type=\"section\">\n\t\t\t\t\t\t<div class=\"elementor-container elementor-column-gap-default\">\n\t\t\t\t\t<div class=\"elementor-column elementor-col-100 elementor-top-column elementor-element elementor-element-be87f12\" data-id=\"be87f12\" data-element_type=\"column\" data-e-type=\"column\">\n\t\t\t<div class=\"elementor-widget-wrap elementor-element-populated\">\n\t\t\t\t\t\t<div class=\"elementor-element elementor-element-77dda7f elementor-widget elementor-widget-image-gallery\" data-id=\"77dda7f\" data-element_type=\"widget\" data-e-type=\"widget\" data-widget_type=\"image-gallery.default\">\n\t\t\t\t<div class=\"elementor-widget-container\">\n\t\t\t\t\t\t\t<div class=\"elementor-image-gallery\">\n\t\t\t\n\t\t<style type=\"text\/css\">\n\t\t\t#gallery-1 {\n\t\t\t\tmargin: auto;\n\t\t\t}\n\t\t\t#gallery-1 .gallery-item {\n\t\t\t\tfloat: left;\n\t\t\t\tmargin-top: 10px;\n\t\t\t\ttext-align: center;\n\t\t\t\twidth: 20%;\n\t\t\t}\n\t\t\t#gallery-1 img {\n\t\t\t\tborder: 2px solid #cfcfcf;\n\t\t\t}\n\t\t\t#gallery-1 .gallery-caption {\n\t\t\t\tmargin-left: 0;\n\t\t\t}\n\t\t\t\/* see gallery_shortcode() in wp-includes\/media.php *\/\n\t\t<\/style>\n\t\t<div id='gallery-1' class='gallery galleryid-382 gallery-columns-5 gallery-size-thumbnail'><dl class='gallery-item'>\n\t\t\t<dt class='gallery-icon landscape'>\n\t\t\t\t<a data-elementor-open-lightbox=\"yes\" data-elementor-lightbox-slideshow=\"77dda7f\" data-elementor-lightbox-title=\"Dorfschule 01 um 1900\" data-e-action-hash=\"#elementor-action%3Aaction%3Dlightbox%26settings%3DeyJpZCI6ODgyLCJ1cmwiOiJodHRwczpcL1wvaGd2LXVudGVybGllZGVyYmFjaC5kZVwvd3AtY29udGVudFwvdXBsb2Fkc1wvMjAyMFwvMDhcL0RvcmZzY2h1bGUtMDEtdW0tMTkwMC5qcGciLCJzbGlkZXNob3ciOiI3N2RkYTdmIn0%3D\" href='https:\/\/hgv-unterliederbach.de\/wp-content\/uploads\/2020\/08\/Dorfschule-01-um-1900.jpg'><img decoding=\"async\" width=\"150\" height=\"150\" src=\"https:\/\/hgv-unterliederbach.de\/wp-content\/uploads\/2020\/08\/Dorfschule-01-um-1900-150x150.jpg\" class=\"attachment-thumbnail size-thumbnail\" alt=\"\" aria-describedby=\"gallery-1-882\" srcset=\"https:\/\/hgv-unterliederbach.de\/wp-content\/uploads\/2020\/08\/Dorfschule-01-um-1900-150x150.jpg 150w, https:\/\/hgv-unterliederbach.de\/wp-content\/uploads\/2020\/08\/Dorfschule-01-um-1900-300x300.jpg 300w\" sizes=\"(max-width: 150px) 100vw, 150px\" \/><\/a>\n\t\t\t<\/dt>\n\t\t\t\t<dd class='wp-caption-text gallery-caption' id='gallery-1-882'>\n\t\t\t\tDorfschule\n\t\t\t\t<\/dd><\/dl><dl class='gallery-item'>\n\t\t\t<dt class='gallery-icon landscape'>\n\t\t\t\t<a data-elementor-open-lightbox=\"yes\" data-elementor-lightbox-slideshow=\"77dda7f\" data-elementor-lightbox-title=\"Volksschule 17\" data-e-action-hash=\"#elementor-action%3Aaction%3Dlightbox%26settings%3DeyJpZCI6ODg0LCJ1cmwiOiJodHRwczpcL1wvaGd2LXVudGVybGllZGVyYmFjaC5kZVwvd3AtY29udGVudFwvdXBsb2Fkc1wvMjAyMFwvMDhcL1ZvbGtzc2NodWxlLTE3LmpwZyIsInNsaWRlc2hvdyI6Ijc3ZGRhN2YifQ%3D%3D\" href='https:\/\/hgv-unterliederbach.de\/wp-content\/uploads\/2020\/08\/Volksschule-17.jpg'><img decoding=\"async\" width=\"150\" height=\"150\" src=\"https:\/\/hgv-unterliederbach.de\/wp-content\/uploads\/2020\/08\/Volksschule-17-150x150.jpg\" class=\"attachment-thumbnail size-thumbnail\" alt=\"\" aria-describedby=\"gallery-1-884\" srcset=\"https:\/\/hgv-unterliederbach.de\/wp-content\/uploads\/2020\/08\/Volksschule-17-150x150.jpg 150w, https:\/\/hgv-unterliederbach.de\/wp-content\/uploads\/2020\/08\/Volksschule-17-300x300.jpg 300w\" sizes=\"(max-width: 150px) 100vw, 150px\" \/><\/a>\n\t\t\t<\/dt>\n\t\t\t\t<dd class='wp-caption-text gallery-caption' id='gallery-1-884'>\n\t\t\t\tVolksschule\n\t\t\t\t<\/dd><\/dl><dl class='gallery-item'>\n\t\t\t<dt class='gallery-icon landscape'>\n\t\t\t\t<a data-elementor-open-lightbox=\"yes\" data-elementor-lightbox-slideshow=\"77dda7f\" data-elementor-lightbox-title=\"Volksschule 18\" data-e-action-hash=\"#elementor-action%3Aaction%3Dlightbox%26settings%3DeyJpZCI6ODg1LCJ1cmwiOiJodHRwczpcL1wvaGd2LXVudGVybGllZGVyYmFjaC5kZVwvd3AtY29udGVudFwvdXBsb2Fkc1wvMjAyMFwvMDhcL1ZvbGtzc2NodWxlLTE4LmpwZyIsInNsaWRlc2hvdyI6Ijc3ZGRhN2YifQ%3D%3D\" href='https:\/\/hgv-unterliederbach.de\/wp-content\/uploads\/2020\/08\/Volksschule-18.jpg'><img decoding=\"async\" width=\"150\" height=\"150\" src=\"https:\/\/hgv-unterliederbach.de\/wp-content\/uploads\/2020\/08\/Volksschule-18-150x150.jpg\" class=\"attachment-thumbnail size-thumbnail\" alt=\"\" aria-describedby=\"gallery-1-885\" srcset=\"https:\/\/hgv-unterliederbach.de\/wp-content\/uploads\/2020\/08\/Volksschule-18-150x150.jpg 150w, https:\/\/hgv-unterliederbach.de\/wp-content\/uploads\/2020\/08\/Volksschule-18-300x300.jpg 300w\" sizes=\"(max-width: 150px) 100vw, 150px\" \/><\/a>\n\t\t\t<\/dt>\n\t\t\t\t<dd class='wp-caption-text gallery-caption' id='gallery-1-885'>\n\t\t\t\tVolksschule\n\t\t\t\t<\/dd><\/dl><dl class='gallery-item'>\n\t\t\t<dt class='gallery-icon landscape'>\n\t\t\t\t<a data-elementor-open-lightbox=\"yes\" data-elementor-lightbox-slideshow=\"77dda7f\" data-elementor-lightbox-title=\"Volksschule 05\" data-e-action-hash=\"#elementor-action%3Aaction%3Dlightbox%26settings%3DeyJpZCI6ODg4LCJ1cmwiOiJodHRwczpcL1wvaGd2LXVudGVybGllZGVyYmFjaC5kZVwvd3AtY29udGVudFwvdXBsb2Fkc1wvMjAyMFwvMDhcL1ZvbGtzc2NodWxlLTA1LXNjYWxlZC5qcGciLCJzbGlkZXNob3ciOiI3N2RkYTdmIn0%3D\" href='https:\/\/hgv-unterliederbach.de\/wp-content\/uploads\/2020\/08\/Volksschule-05-scaled.jpg'><img loading=\"lazy\" decoding=\"async\" width=\"150\" height=\"150\" src=\"https:\/\/hgv-unterliederbach.de\/wp-content\/uploads\/2020\/08\/Volksschule-05-150x150.jpg\" class=\"attachment-thumbnail size-thumbnail\" alt=\"\" aria-describedby=\"gallery-1-888\" srcset=\"https:\/\/hgv-unterliederbach.de\/wp-content\/uploads\/2020\/08\/Volksschule-05-150x150.jpg 150w, https:\/\/hgv-unterliederbach.de\/wp-content\/uploads\/2020\/08\/Volksschule-05-300x300.jpg 300w\" sizes=\"(max-width: 150px) 100vw, 150px\" \/><\/a>\n\t\t\t<\/dt>\n\t\t\t\t<dd class='wp-caption-text gallery-caption' id='gallery-1-888'>\n\t\t\t\tVolksschule\n\t\t\t\t<\/dd><\/dl><dl class='gallery-item'>\n\t\t\t<dt class='gallery-icon landscape'>\n\t\t\t\t<a data-elementor-open-lightbox=\"yes\" data-elementor-lightbox-slideshow=\"77dda7f\" data-elementor-lightbox-title=\"Volksschule 20\" data-e-action-hash=\"#elementor-action%3Aaction%3Dlightbox%26settings%3DeyJpZCI6ODg3LCJ1cmwiOiJodHRwczpcL1wvaGd2LXVudGVybGllZGVyYmFjaC5kZVwvd3AtY29udGVudFwvdXBsb2Fkc1wvMjAyMFwvMDhcL1ZvbGtzc2NodWxlLTIwLXNjYWxlZC5qcGciLCJzbGlkZXNob3ciOiI3N2RkYTdmIn0%3D\" href='https:\/\/hgv-unterliederbach.de\/wp-content\/uploads\/2020\/08\/Volksschule-20-scaled.jpg'><img loading=\"lazy\" decoding=\"async\" width=\"150\" height=\"150\" src=\"https:\/\/hgv-unterliederbach.de\/wp-content\/uploads\/2020\/08\/Volksschule-20-150x150.jpg\" class=\"attachment-thumbnail size-thumbnail\" alt=\"\" aria-describedby=\"gallery-1-887\" srcset=\"https:\/\/hgv-unterliederbach.de\/wp-content\/uploads\/2020\/08\/Volksschule-20-150x150.jpg 150w, https:\/\/hgv-unterliederbach.de\/wp-content\/uploads\/2020\/08\/Volksschule-20-300x300.jpg 300w\" sizes=\"(max-width: 150px) 100vw, 150px\" \/><\/a>\n\t\t\t<\/dt>\n\t\t\t\t<dd class='wp-caption-text gallery-caption' id='gallery-1-887'>\n\t\t\t\tVolksschule\n\t\t\t\t<\/dd><\/dl><br style=\"clear: both\" \/><dl class='gallery-item'>\n\t\t\t<dt class='gallery-icon landscape'>\n\t\t\t\t<a data-elementor-open-lightbox=\"yes\" data-elementor-lightbox-slideshow=\"77dda7f\" data-elementor-lightbox-title=\"Volksschule 21\" data-e-action-hash=\"#elementor-action%3Aaction%3Dlightbox%26settings%3DeyJpZCI6ODg5LCJ1cmwiOiJodHRwczpcL1wvaGd2LXVudGVybGllZGVyYmFjaC5kZVwvd3AtY29udGVudFwvdXBsb2Fkc1wvMjAyMFwvMDhcL1ZvbGtzc2NodWxlLTIxLXNjYWxlZC5qcGciLCJzbGlkZXNob3ciOiI3N2RkYTdmIn0%3D\" href='https:\/\/hgv-unterliederbach.de\/wp-content\/uploads\/2020\/08\/Volksschule-21-scaled.jpg'><img loading=\"lazy\" decoding=\"async\" width=\"150\" height=\"150\" src=\"https:\/\/hgv-unterliederbach.de\/wp-content\/uploads\/2020\/08\/Volksschule-21-150x150.jpg\" class=\"attachment-thumbnail size-thumbnail\" alt=\"\" aria-describedby=\"gallery-1-889\" srcset=\"https:\/\/hgv-unterliederbach.de\/wp-content\/uploads\/2020\/08\/Volksschule-21-150x150.jpg 150w, https:\/\/hgv-unterliederbach.de\/wp-content\/uploads\/2020\/08\/Volksschule-21-300x300.jpg 300w\" sizes=\"(max-width: 150px) 100vw, 150px\" \/><\/a>\n\t\t\t<\/dt>\n\t\t\t\t<dd class='wp-caption-text gallery-caption' id='gallery-1-889'>\n\t\t\t\tVolksschule\n\t\t\t\t<\/dd><\/dl><dl class='gallery-item'>\n\t\t\t<dt class='gallery-icon landscape'>\n\t\t\t\t<a data-elementor-open-lightbox=\"yes\" data-elementor-lightbox-slideshow=\"77dda7f\" data-elementor-lightbox-title=\"Volksschule 22\" data-e-action-hash=\"#elementor-action%3Aaction%3Dlightbox%26settings%3DeyJpZCI6ODkwLCJ1cmwiOiJodHRwczpcL1wvaGd2LXVudGVybGllZGVyYmFjaC5kZVwvd3AtY29udGVudFwvdXBsb2Fkc1wvMjAyMFwvMDhcL1ZvbGtzc2NodWxlLTIyLXNjYWxlZC5qcGciLCJzbGlkZXNob3ciOiI3N2RkYTdmIn0%3D\" href='https:\/\/hgv-unterliederbach.de\/wp-content\/uploads\/2020\/08\/Volksschule-22-scaled.jpg'><img loading=\"lazy\" decoding=\"async\" width=\"150\" height=\"150\" src=\"https:\/\/hgv-unterliederbach.de\/wp-content\/uploads\/2020\/08\/Volksschule-22-150x150.jpg\" class=\"attachment-thumbnail size-thumbnail\" alt=\"\" aria-describedby=\"gallery-1-890\" srcset=\"https:\/\/hgv-unterliederbach.de\/wp-content\/uploads\/2020\/08\/Volksschule-22-150x150.jpg 150w, https:\/\/hgv-unterliederbach.de\/wp-content\/uploads\/2020\/08\/Volksschule-22-300x300.jpg 300w\" sizes=\"(max-width: 150px) 100vw, 150px\" \/><\/a>\n\t\t\t<\/dt>\n\t\t\t\t<dd class='wp-caption-text gallery-caption' id='gallery-1-890'>\n\t\t\t\tVolksschule\n\t\t\t\t<\/dd><\/dl><dl class='gallery-item'>\n\t\t\t<dt class='gallery-icon landscape'>\n\t\t\t\t<a data-elementor-open-lightbox=\"yes\" data-elementor-lightbox-slideshow=\"77dda7f\" data-elementor-lightbox-title=\"Volksschule 27\" data-e-action-hash=\"#elementor-action%3Aaction%3Dlightbox%26settings%3DeyJpZCI6ODg2LCJ1cmwiOiJodHRwczpcL1wvaGd2LXVudGVybGllZGVyYmFjaC5kZVwvd3AtY29udGVudFwvdXBsb2Fkc1wvMjAyMFwvMDhcL1ZvbGtzc2NodWxlLTI3LmpwZyIsInNsaWRlc2hvdyI6Ijc3ZGRhN2YifQ%3D%3D\" href='https:\/\/hgv-unterliederbach.de\/wp-content\/uploads\/2020\/08\/Volksschule-27.jpg'><img loading=\"lazy\" decoding=\"async\" width=\"150\" height=\"150\" src=\"https:\/\/hgv-unterliederbach.de\/wp-content\/uploads\/2020\/08\/Volksschule-27-150x150.jpg\" class=\"attachment-thumbnail size-thumbnail\" alt=\"\" aria-describedby=\"gallery-1-886\" srcset=\"https:\/\/hgv-unterliederbach.de\/wp-content\/uploads\/2020\/08\/Volksschule-27-150x150.jpg 150w, https:\/\/hgv-unterliederbach.de\/wp-content\/uploads\/2020\/08\/Volksschule-27-300x300.jpg 300w\" sizes=\"(max-width: 150px) 100vw, 150px\" \/><\/a>\n\t\t\t<\/dt>\n\t\t\t\t<dd class='wp-caption-text gallery-caption' id='gallery-1-886'>\n\t\t\t\tVolksschule\n\t\t\t\t<\/dd><\/dl>\n\t\t\t<br style='clear: both' \/>\n\t\t<\/div>\n\t\t<\/div>\n\t\t\t\t\t\t<\/div>\n\t\t\t\t<\/div>\n\t\t\t\t\t<\/div>\n\t\t<\/div>\n\t\t\t\t\t<\/div>\n\t\t<\/section>\n\t\t\t\t<section class=\"elementor-section elementor-top-section elementor-element elementor-element-5891199 elementor-section-boxed elementor-section-height-default elementor-section-height-default\" data-id=\"5891199\" data-element_type=\"section\" data-e-type=\"section\">\n\t\t\t\t\t\t<div class=\"elementor-container elementor-column-gap-default\">\n\t\t\t\t\t<div class=\"elementor-column elementor-col-50 elementor-top-column elementor-element elementor-element-423efed\" data-id=\"423efed\" data-element_type=\"column\" data-e-type=\"column\">\n\t\t\t<div class=\"elementor-widget-wrap elementor-element-populated\">\n\t\t\t\t\t\t<div class=\"elementor-element elementor-element-f07cc52 elementor-align-right elementor-widget elementor-widget-button\" data-id=\"f07cc52\" data-element_type=\"widget\" data-e-type=\"widget\" data-widget_type=\"button.default\">\n\t\t\t\t<div class=\"elementor-widget-container\">\n\t\t\t\t\t\t\t\t\t<div class=\"elementor-button-wrapper\">\n\t\t\t\t\t<a class=\"elementor-button elementor-button-link elementor-size-sm\" href=\"https:\/\/hgv-unterliederbach.de\/?page_id=366\">\n\t\t\t\t\t\t<span class=\"elementor-button-content-wrapper\">\n\t\t\t\t\t\t<span class=\"elementor-button-icon\">\n\t\t\t\t<i aria-hidden=\"true\" class=\"far fa-arrow-alt-circle-left\"><\/i>\t\t\t<\/span>\n\t\t\t\t\t\t\t\t\t<span class=\"elementor-button-text\">Graubner Villa<\/span>\n\t\t\t\t\t<\/span>\n\t\t\t\t\t<\/a>\n\t\t\t\t<\/div>\n\t\t\t\t\t\t\t\t<\/div>\n\t\t\t\t<\/div>\n\t\t\t\t\t<\/div>\n\t\t<\/div>\n\t\t\t\t<div class=\"elementor-column elementor-col-50 elementor-top-column elementor-element elementor-element-a23866b\" data-id=\"a23866b\" data-element_type=\"column\" data-e-type=\"column\">\n\t\t\t<div class=\"elementor-widget-wrap elementor-element-populated\">\n\t\t\t\t\t\t<div class=\"elementor-element elementor-element-084bd47 elementor-widget elementor-widget-button\" data-id=\"084bd47\" data-element_type=\"widget\" data-e-type=\"widget\" data-widget_type=\"button.default\">\n\t\t\t\t<div class=\"elementor-widget-container\">\n\t\t\t\t\t\t\t\t\t<div class=\"elementor-button-wrapper\">\n\t\t\t\t\t<a class=\"elementor-button elementor-button-link elementor-size-sm\" href=\"https:\/\/hgv-unterliederbach.de\/?page_id=398\">\n\t\t\t\t\t\t<span class=\"elementor-button-content-wrapper\">\n\t\t\t\t\t\t<span class=\"elementor-button-icon\">\n\t\t\t\t<i aria-hidden=\"true\" class=\"far fa-arrow-alt-circle-right\"><\/i>\t\t\t<\/span>\n\t\t\t\t\t\t\t\t\t<span class=\"elementor-button-text\">Silobad<\/span>\n\t\t\t\t\t<\/span>\n\t\t\t\t\t<\/a>\n\t\t\t\t<\/div>\n\t\t\t\t\t\t\t\t<\/div>\n\t\t\t\t<\/div>\n\t\t\t\t\t<\/div>\n\t\t<\/div>\n\t\t\t\t\t<\/div>\n\t\t<\/section>\n\t\t\t\t<\/div>\n\t\t","protected":false},"excerpt":{"rendered":"<p>Schulen Die erste Schule von Unterliederbach war an der Hauptstra\u00dfe, heute &#8222;Marktplatz&#8220;. 1882 kaufte die Gemeinde das Brevernsche Schl\u00f6sschen und richtete die Schule darin ein. Im Jahr 1907 wurde eine&hellip;<\/p>\n","protected":false},"author":1,"featured_media":0,"parent":199,"menu_order":0,"comment_status":"closed","ping_status":"closed","template":"elementor_header_footer","meta":{"footnotes":""},"class_list":["post-382","page","type-page","status-publish","hentry"],"_links":{"self":[{"href":"https:\/\/hgv-unterliederbach.de\/index.php?rest_route=\/wp\/v2\/pages\/382","targetHints":{"allow":["GET"]}}],"collection":[{"href":"https:\/\/hgv-unterliederbach.de\/index.php?rest_route=\/wp\/v2\/pages"}],"about":[{"href":"https:\/\/hgv-unterliederbach.de\/index.php?rest_route=\/wp\/v2\/types\/page"}],"author":[{"embeddable":true,"href":"https:\/\/hgv-unterliederbach.de\/index.php?rest_route=\/wp\/v2\/users\/1"}],"replies":[{"embeddable":true,"href":"https:\/\/hgv-unterliederbach.de\/index.php?rest_route=%2Fwp%2Fv2%2Fcomments&post=382"}],"version-history":[{"count":12,"href":"https:\/\/hgv-unterliederbach.de\/index.php?rest_route=\/wp\/v2\/pages\/382\/revisions"}],"predecessor-version":[{"id":1049,"href":"https:\/\/hgv-unterliederbach.de\/index.php?rest_route=\/wp\/v2\/pages\/382\/revisions\/1049"}],"up":[{"embeddable":true,"href":"https:\/\/hgv-unterliederbach.de\/index.php?rest_route=\/wp\/v2\/pages\/199"}],"wp:attachment":[{"href":"https:\/\/hgv-unterliederbach.de\/index.php?rest_route=%2Fwp%2Fv2%2Fmedia&parent=382"}],"curies":[{"name":"wp","href":"https:\/\/api.w.org\/{rel}","templated":true}]}}