{"id":202,"date":"2020-07-30T14:05:05","date_gmt":"2020-07-30T13:05:05","guid":{"rendered":"https:\/\/hgv-unterliederbach.de\/?page_id=202"},"modified":"2025-06-17T07:29:41","modified_gmt":"2025-06-17T05:29:41","slug":"dorfkirche","status":"publish","type":"page","link":"https:\/\/hgv-unterliederbach.de\/?page_id=202","title":{"rendered":"Dorfkirche"},"content":{"rendered":"\t\t<div data-elementor-type=\"wp-page\" data-elementor-id=\"202\" class=\"elementor elementor-202\">\n\t\t\t\t\t\t<section class=\"elementor-section elementor-top-section elementor-element elementor-element-df9c624 elementor-section-boxed elementor-section-height-default elementor-section-height-default\" data-id=\"df9c624\" data-element_type=\"section\" data-e-type=\"section\">\n\t\t\t\t\t\t<div class=\"elementor-container elementor-column-gap-default\">\n\t\t\t\t\t<div class=\"elementor-column elementor-col-100 elementor-top-column elementor-element elementor-element-f8ff18e\" data-id=\"f8ff18e\" data-element_type=\"column\" data-e-type=\"column\">\n\t\t\t<div class=\"elementor-widget-wrap elementor-element-populated\">\n\t\t\t\t\t\t<div class=\"elementor-element elementor-element-0e21858 elementor-widget elementor-widget-heading\" data-id=\"0e21858\" data-element_type=\"widget\" data-e-type=\"widget\" data-widget_type=\"heading.default\">\n\t\t\t\t<div class=\"elementor-widget-container\">\n\t\t\t\t\t<h2 class=\"elementor-heading-title elementor-size-default\">Dorfkirche<\/h2>\t\t\t\t<\/div>\n\t\t\t\t<\/div>\n\t\t\t\t\t<\/div>\n\t\t<\/div>\n\t\t\t\t\t<\/div>\n\t\t<\/section>\n\t\t\t\t<section class=\"elementor-section elementor-top-section elementor-element elementor-element-ed6d46d elementor-section-boxed elementor-section-height-default elementor-section-height-default\" data-id=\"ed6d46d\" data-element_type=\"section\" data-e-type=\"section\">\n\t\t\t\t\t\t<div class=\"elementor-container elementor-column-gap-default\">\n\t\t\t\t\t<div class=\"elementor-column elementor-col-50 elementor-top-column elementor-element elementor-element-aff5033\" data-id=\"aff5033\" data-element_type=\"column\" data-e-type=\"column\">\n\t\t\t<div class=\"elementor-widget-wrap elementor-element-populated\">\n\t\t\t\t\t\t<div class=\"elementor-element elementor-element-8fd828d elementor-widget elementor-widget-text-editor\" data-id=\"8fd828d\" data-element_type=\"widget\" data-e-type=\"widget\" data-widget_type=\"text-editor.default\">\n\t\t\t\t<div class=\"elementor-widget-container\">\n\t\t\t\t\t\t\t\t\t<p>Durch den 1716 errichteten Eingangsbau betritt der Besucher die Kirche, hier tr\u00e4gt auch das Kirchdach den Spitzhelmdachreiter mit seinen 2 Glocken. Die neue Orgel, 13 Register mit 874 Pfeifen, an der gegen\u00fcberliegenden Seite der Kirche trohnt gewaltig auf einer Empore \u00fcber dem Kruzefix von 1760, das der Holzbildhauer Joh. Paul Eckard aus Darmstadt fertigte. Der barocke Orgelprospekt wurde aus der alten Orgel verwendet, die Orgelempore stammt von 1753.<br \/><br \/>Die Empore \u00fcber dem Eingang wurde im 17. und 18. Jahrhundert eingebaut und mit Apostelbilder bemalt. Die Chorverl\u00e4ngerung gegen\u00fcber dem S\u00fcdausgang ist 1716 durch Rechnungen belegt.<br \/><br \/>Neben der Kanzel befindet sich der S\u00fcdausgang, dar\u00fcber h\u00e4ngt ein Epitaph von 1772. Dieser wurde vom Frankfurter Bildhauer Schnorr f\u00fcr Kommerzienrat J. P. Stempler gefertigt, der in einer Gruft innerhalb der Kirche begraben ist. Au\u00dfen an der S\u00fcdwand h\u00e4ngt ein Epitaph f\u00fcr den Bankier Steitz. Beide waren wohlhabende Frankfurter mit Sommersitz in Unterliederbach.<br \/><br \/>Der Kirchhof war bis 1872 der Friedhof der Gemeinde und ist mit einer Mauer eingefasst. Unter anderem liegt hier der Staatsreformer Karl Friedrich von Ibell (1780-1834) begraben.<br \/><br \/>Die kleine Kirche ist sehr beliebt f\u00fcr Hochzeiten, Taufen und andere Gottesdienste. Leider stehen aber seit 1998 keine Mittel aus Kirchensteuern mehr f\u00fcr die Dorfkirche zur Verf\u00fcgung. Um die Kirche unterhalten zu k\u00f6nnen, wurde durch die Gemeinde der &#8222;Freundeskreis Dorfkirche Unterliederbach&#8220; gegr\u00fcndet.<br \/><br \/>Einmal im Jahr findet auf dem Marktplatz durch den F\u00f6rderverein ein Jazzkonzert zugunsten der Dorfkirche statt.<\/p>\t\t\t\t\t\t\t\t<\/div>\n\t\t\t\t<\/div>\n\t\t\t\t<div class=\"elementor-element elementor-element-c039356 elementor-widget elementor-widget-text-editor\" data-id=\"c039356\" data-element_type=\"widget\" data-e-type=\"widget\" data-widget_type=\"text-editor.default\">\n\t\t\t\t<div class=\"elementor-widget-container\">\n\t\t\t\t\t\t\t\t\t<p><span class=\"ff2 fc0 fs10 \"><span style=\"text-decoration: underline;\"><strong>Die Ma\u00dfe der Kirche:<\/strong><\/span><br \/>Saal: 14m x 6,5m<br \/>Chor: 5,6m x 6,5m<br \/>H\u00f6he: ca. 5,5m (Saal und Chor)<br \/>Eingangsbau: 1,5m x 6,5m x 5,5m<\/span><\/p>\t\t\t\t\t\t\t\t<\/div>\n\t\t\t\t<\/div>\n\t\t\t\t\t<\/div>\n\t\t<\/div>\n\t\t\t\t<div class=\"elementor-column elementor-col-50 elementor-top-column elementor-element elementor-element-3996ca2\" data-id=\"3996ca2\" data-element_type=\"column\" data-e-type=\"column\">\n\t\t\t<div class=\"elementor-widget-wrap elementor-element-populated\">\n\t\t\t\t\t\t<div class=\"elementor-element elementor-element-21a0786 elementor-widget elementor-widget-image\" data-id=\"21a0786\" data-element_type=\"widget\" data-e-type=\"widget\" data-widget_type=\"image.default\">\n\t\t\t\t<div class=\"elementor-widget-container\">\n\t\t\t\t\t\t\t\t\t\t\t\t\t\t\t<img fetchpriority=\"high\" decoding=\"async\" width=\"473\" height=\"711\" src=\"https:\/\/hgv-unterliederbach.de\/wp-content\/uploads\/2020\/07\/p035_1_00.jpg\" class=\"attachment-large size-large wp-image-208\" alt=\"\" srcset=\"https:\/\/hgv-unterliederbach.de\/wp-content\/uploads\/2020\/07\/p035_1_00.jpg 473w, https:\/\/hgv-unterliederbach.de\/wp-content\/uploads\/2020\/07\/p035_1_00-200x300.jpg 200w\" sizes=\"(max-width: 473px) 100vw, 473px\" \/>\t\t\t\t\t\t\t\t\t\t\t\t\t\t\t<\/div>\n\t\t\t\t<\/div>\n\t\t\t\t<div class=\"elementor-element elementor-element-a7a6359 elementor-widget elementor-widget-image-gallery\" data-id=\"a7a6359\" data-element_type=\"widget\" data-e-type=\"widget\" data-widget_type=\"image-gallery.default\">\n\t\t\t\t<div class=\"elementor-widget-container\">\n\t\t\t\t\t\t\t<div class=\"elementor-image-gallery\">\n\t\t\t\n\t\t<style type=\"text\/css\">\n\t\t\t#gallery-1 {\n\t\t\t\tmargin: auto;\n\t\t\t}\n\t\t\t#gallery-1 .gallery-item {\n\t\t\t\tfloat: left;\n\t\t\t\tmargin-top: 10px;\n\t\t\t\ttext-align: center;\n\t\t\t\twidth: 33%;\n\t\t\t}\n\t\t\t#gallery-1 img {\n\t\t\t\tborder: 2px solid #cfcfcf;\n\t\t\t}\n\t\t\t#gallery-1 .gallery-caption {\n\t\t\t\tmargin-left: 0;\n\t\t\t}\n\t\t\t\/* see gallery_shortcode() in wp-includes\/media.php *\/\n\t\t<\/style>\n\t\t<div id='gallery-1' class='gallery galleryid-202 gallery-columns-3 gallery-size-thumbnail'><dl class='gallery-item'>\n\t\t\t<dt class='gallery-icon portrait'>\n\t\t\t\t<a data-elementor-open-lightbox=\"yes\" data-elementor-lightbox-slideshow=\"a7a6359\" data-elementor-lightbox-title=\"p035_1_09\" data-e-action-hash=\"#elementor-action%3Aaction%3Dlightbox%26settings%3DeyJpZCI6MjI0LCJ1cmwiOiJodHRwczpcL1wvaGd2LXVudGVybGllZGVyYmFjaC5kZVwvd3AtY29udGVudFwvdXBsb2Fkc1wvMjAyMFwvMDdcL3AwMzVfMV8wOS5qcGciLCJzbGlkZXNob3ciOiJhN2E2MzU5In0%3D\" href='https:\/\/hgv-unterliederbach.de\/wp-content\/uploads\/2020\/07\/p035_1_09.jpg'><img decoding=\"async\" width=\"150\" height=\"150\" src=\"https:\/\/hgv-unterliederbach.de\/wp-content\/uploads\/2020\/07\/p035_1_09-150x150.jpg\" class=\"attachment-thumbnail size-thumbnail\" alt=\"\" \/><\/a>\n\t\t\t<\/dt><\/dl><dl class='gallery-item'>\n\t\t\t<dt class='gallery-icon portrait'>\n\t\t\t\t<a data-elementor-open-lightbox=\"yes\" data-elementor-lightbox-slideshow=\"a7a6359\" data-elementor-lightbox-title=\"p035_1_05\" data-e-action-hash=\"#elementor-action%3Aaction%3Dlightbox%26settings%3DeyJpZCI6MjIzLCJ1cmwiOiJodHRwczpcL1wvaGd2LXVudGVybGllZGVyYmFjaC5kZVwvd3AtY29udGVudFwvdXBsb2Fkc1wvMjAyMFwvMDdcL3AwMzVfMV8wNS5qcGciLCJzbGlkZXNob3ciOiJhN2E2MzU5In0%3D\" href='https:\/\/hgv-unterliederbach.de\/wp-content\/uploads\/2020\/07\/p035_1_05.jpg'><img decoding=\"async\" width=\"150\" height=\"150\" src=\"https:\/\/hgv-unterliederbach.de\/wp-content\/uploads\/2020\/07\/p035_1_05-150x150.jpg\" class=\"attachment-thumbnail size-thumbnail\" alt=\"\" \/><\/a>\n\t\t\t<\/dt><\/dl><dl class='gallery-item'>\n\t\t\t<dt class='gallery-icon portrait'>\n\t\t\t\t<a data-elementor-open-lightbox=\"yes\" data-elementor-lightbox-slideshow=\"a7a6359\" data-elementor-lightbox-title=\"p035_1_06\" data-e-action-hash=\"#elementor-action%3Aaction%3Dlightbox%26settings%3DeyJpZCI6MjIyLCJ1cmwiOiJodHRwczpcL1wvaGd2LXVudGVybGllZGVyYmFjaC5kZVwvd3AtY29udGVudFwvdXBsb2Fkc1wvMjAyMFwvMDdcL3AwMzVfMV8wNi5qcGciLCJzbGlkZXNob3ciOiJhN2E2MzU5In0%3D\" href='https:\/\/hgv-unterliederbach.de\/wp-content\/uploads\/2020\/07\/p035_1_06.jpg'><img loading=\"lazy\" decoding=\"async\" width=\"150\" height=\"150\" src=\"https:\/\/hgv-unterliederbach.de\/wp-content\/uploads\/2020\/07\/p035_1_06-150x150.jpg\" class=\"attachment-thumbnail size-thumbnail\" alt=\"\" \/><\/a>\n\t\t\t<\/dt><\/dl><br style=\"clear: both\" \/><dl class='gallery-item'>\n\t\t\t<dt class='gallery-icon landscape'>\n\t\t\t\t<a data-elementor-open-lightbox=\"yes\" data-elementor-lightbox-slideshow=\"a7a6359\" data-elementor-lightbox-title=\"p035_1_07-1\" data-e-action-hash=\"#elementor-action%3Aaction%3Dlightbox%26settings%3DeyJpZCI6MjE5LCJ1cmwiOiJodHRwczpcL1wvaGd2LXVudGVybGllZGVyYmFjaC5kZVwvd3AtY29udGVudFwvdXBsb2Fkc1wvMjAyMFwvMDdcL3AwMzVfMV8wNy0xLmpwZyIsInNsaWRlc2hvdyI6ImE3YTYzNTkifQ%3D%3D\" href='https:\/\/hgv-unterliederbach.de\/wp-content\/uploads\/2020\/07\/p035_1_07-1.jpg'><img loading=\"lazy\" decoding=\"async\" width=\"150\" height=\"112\" src=\"https:\/\/hgv-unterliederbach.de\/wp-content\/uploads\/2020\/07\/p035_1_07-1.jpg\" class=\"attachment-thumbnail size-thumbnail\" alt=\"\" \/><\/a>\n\t\t\t<\/dt><\/dl><dl class='gallery-item'>\n\t\t\t<dt class='gallery-icon portrait'>\n\t\t\t\t<a data-elementor-open-lightbox=\"yes\" data-elementor-lightbox-slideshow=\"a7a6359\" data-elementor-lightbox-title=\"p035_1_04\" data-e-action-hash=\"#elementor-action%3Aaction%3Dlightbox%26settings%3DeyJpZCI6MjE4LCJ1cmwiOiJodHRwczpcL1wvaGd2LXVudGVybGllZGVyYmFjaC5kZVwvd3AtY29udGVudFwvdXBsb2Fkc1wvMjAyMFwvMDdcL3AwMzVfMV8wNC5qcGciLCJzbGlkZXNob3ciOiJhN2E2MzU5In0%3D\" href='https:\/\/hgv-unterliederbach.de\/wp-content\/uploads\/2020\/07\/p035_1_04.jpg'><img loading=\"lazy\" decoding=\"async\" width=\"150\" height=\"150\" src=\"https:\/\/hgv-unterliederbach.de\/wp-content\/uploads\/2020\/07\/p035_1_04-150x150.jpg\" class=\"attachment-thumbnail size-thumbnail\" alt=\"\" \/><\/a>\n\t\t\t<\/dt><\/dl><dl class='gallery-item'>\n\t\t\t<dt class='gallery-icon portrait'>\n\t\t\t\t<a data-elementor-open-lightbox=\"yes\" data-elementor-lightbox-slideshow=\"a7a6359\" data-elementor-lightbox-title=\"p035_1_03\" data-e-action-hash=\"#elementor-action%3Aaction%3Dlightbox%26settings%3DeyJpZCI6MjE3LCJ1cmwiOiJodHRwczpcL1wvaGd2LXVudGVybGllZGVyYmFjaC5kZVwvd3AtY29udGVudFwvdXBsb2Fkc1wvMjAyMFwvMDdcL3AwMzVfMV8wMy5qcGciLCJzbGlkZXNob3ciOiJhN2E2MzU5In0%3D\" href='https:\/\/hgv-unterliederbach.de\/wp-content\/uploads\/2020\/07\/p035_1_03.jpg'><img loading=\"lazy\" decoding=\"async\" width=\"150\" height=\"150\" src=\"https:\/\/hgv-unterliederbach.de\/wp-content\/uploads\/2020\/07\/p035_1_03-150x150.jpg\" class=\"attachment-thumbnail size-thumbnail\" alt=\"\" \/><\/a>\n\t\t\t<\/dt><\/dl><br style=\"clear: both\" \/><dl class='gallery-item'>\n\t\t\t<dt class='gallery-icon portrait'>\n\t\t\t\t<a data-elementor-open-lightbox=\"yes\" data-elementor-lightbox-slideshow=\"a7a6359\" data-elementor-lightbox-title=\"p035_1_02\" data-e-action-hash=\"#elementor-action%3Aaction%3Dlightbox%26settings%3DeyJpZCI6MjE2LCJ1cmwiOiJodHRwczpcL1wvaGd2LXVudGVybGllZGVyYmFjaC5kZVwvd3AtY29udGVudFwvdXBsb2Fkc1wvMjAyMFwvMDdcL3AwMzVfMV8wMi5qcGciLCJzbGlkZXNob3ciOiJhN2E2MzU5In0%3D\" href='https:\/\/hgv-unterliederbach.de\/wp-content\/uploads\/2020\/07\/p035_1_02.jpg'><img loading=\"lazy\" decoding=\"async\" width=\"150\" height=\"150\" src=\"https:\/\/hgv-unterliederbach.de\/wp-content\/uploads\/2020\/07\/p035_1_02-150x150.jpg\" class=\"attachment-thumbnail size-thumbnail\" alt=\"\" \/><\/a>\n\t\t\t<\/dt><\/dl><dl class='gallery-item'>\n\t\t\t<dt class='gallery-icon landscape'>\n\t\t\t\t<a data-elementor-open-lightbox=\"yes\" data-elementor-lightbox-slideshow=\"a7a6359\" data-elementor-lightbox-title=\"p035_1_01-1\" data-e-action-hash=\"#elementor-action%3Aaction%3Dlightbox%26settings%3DeyJpZCI6MjE1LCJ1cmwiOiJodHRwczpcL1wvaGd2LXVudGVybGllZGVyYmFjaC5kZVwvd3AtY29udGVudFwvdXBsb2Fkc1wvMjAyMFwvMDdcL3AwMzVfMV8wMS0xLmpwZyIsInNsaWRlc2hvdyI6ImE3YTYzNTkifQ%3D%3D\" href='https:\/\/hgv-unterliederbach.de\/wp-content\/uploads\/2020\/07\/p035_1_01-1.jpg'><img loading=\"lazy\" decoding=\"async\" width=\"141\" height=\"106\" src=\"https:\/\/hgv-unterliederbach.de\/wp-content\/uploads\/2020\/07\/p035_1_01-1.jpg\" class=\"attachment-thumbnail size-thumbnail\" alt=\"\" \/><\/a>\n\t\t\t<\/dt><\/dl><dl class='gallery-item'>\n\t\t\t<dt class='gallery-icon portrait'>\n\t\t\t\t<a data-elementor-open-lightbox=\"yes\" data-elementor-lightbox-slideshow=\"a7a6359\" data-elementor-lightbox-title=\"Dorfkirche 04\" data-e-action-hash=\"#elementor-action%3Aaction%3Dlightbox%26settings%3DeyJpZCI6ODk4LCJ1cmwiOiJodHRwczpcL1wvaGd2LXVudGVybGllZGVyYmFjaC5kZVwvd3AtY29udGVudFwvdXBsb2Fkc1wvMjAyMFwvMDhcL0RvcmZraXJjaGUtMDQuanBnIiwic2xpZGVzaG93IjoiYTdhNjM1OSJ9\" href='https:\/\/hgv-unterliederbach.de\/wp-content\/uploads\/2020\/08\/Dorfkirche-04.jpg'><img loading=\"lazy\" decoding=\"async\" width=\"150\" height=\"150\" src=\"https:\/\/hgv-unterliederbach.de\/wp-content\/uploads\/2020\/08\/Dorfkirche-04-150x150.jpg\" class=\"attachment-thumbnail size-thumbnail\" alt=\"\" srcset=\"https:\/\/hgv-unterliederbach.de\/wp-content\/uploads\/2020\/08\/Dorfkirche-04-150x150.jpg 150w, https:\/\/hgv-unterliederbach.de\/wp-content\/uploads\/2020\/08\/Dorfkirche-04-300x300.jpg 300w\" sizes=\"(max-width: 150px) 100vw, 150px\" \/><\/a>\n\t\t\t<\/dt><\/dl><br style=\"clear: both\" \/><dl class='gallery-item'>\n\t\t\t<dt class='gallery-icon portrait'>\n\t\t\t\t<a data-elementor-open-lightbox=\"yes\" data-elementor-lightbox-slideshow=\"a7a6359\" data-elementor-lightbox-title=\"Dorfkirche 06\" data-e-action-hash=\"#elementor-action%3Aaction%3Dlightbox%26settings%3DeyJpZCI6ODk5LCJ1cmwiOiJodHRwczpcL1wvaGd2LXVudGVybGllZGVyYmFjaC5kZVwvd3AtY29udGVudFwvdXBsb2Fkc1wvMjAyMFwvMDhcL0RvcmZraXJjaGUtMDYuanBnIiwic2xpZGVzaG93IjoiYTdhNjM1OSJ9\" href='https:\/\/hgv-unterliederbach.de\/wp-content\/uploads\/2020\/08\/Dorfkirche-06.jpg'><img loading=\"lazy\" decoding=\"async\" width=\"150\" height=\"150\" src=\"https:\/\/hgv-unterliederbach.de\/wp-content\/uploads\/2020\/08\/Dorfkirche-06-150x150.jpg\" class=\"attachment-thumbnail size-thumbnail\" alt=\"\" srcset=\"https:\/\/hgv-unterliederbach.de\/wp-content\/uploads\/2020\/08\/Dorfkirche-06-150x150.jpg 150w, https:\/\/hgv-unterliederbach.de\/wp-content\/uploads\/2020\/08\/Dorfkirche-06-300x300.jpg 300w\" sizes=\"(max-width: 150px) 100vw, 150px\" \/><\/a>\n\t\t\t<\/dt><\/dl><dl class='gallery-item'>\n\t\t\t<dt class='gallery-icon portrait'>\n\t\t\t\t<a data-elementor-open-lightbox=\"yes\" data-elementor-lightbox-slideshow=\"a7a6359\" data-elementor-lightbox-title=\"Dorfkirche 01\" data-e-action-hash=\"#elementor-action%3Aaction%3Dlightbox%26settings%3DeyJpZCI6OTAwLCJ1cmwiOiJodHRwczpcL1wvaGd2LXVudGVybGllZGVyYmFjaC5kZVwvd3AtY29udGVudFwvdXBsb2Fkc1wvMjAyMFwvMDhcL0RvcmZraXJjaGUtMDEtc2NhbGVkLmpwZyIsInNsaWRlc2hvdyI6ImE3YTYzNTkifQ%3D%3D\" href='https:\/\/hgv-unterliederbach.de\/wp-content\/uploads\/2020\/08\/Dorfkirche-01-scaled.jpg'><img loading=\"lazy\" decoding=\"async\" width=\"150\" height=\"150\" src=\"https:\/\/hgv-unterliederbach.de\/wp-content\/uploads\/2020\/08\/Dorfkirche-01-150x150.jpg\" class=\"attachment-thumbnail size-thumbnail\" alt=\"\" srcset=\"https:\/\/hgv-unterliederbach.de\/wp-content\/uploads\/2020\/08\/Dorfkirche-01-150x150.jpg 150w, https:\/\/hgv-unterliederbach.de\/wp-content\/uploads\/2020\/08\/Dorfkirche-01-300x300.jpg 300w\" sizes=\"(max-width: 150px) 100vw, 150px\" \/><\/a>\n\t\t\t<\/dt><\/dl><dl class='gallery-item'>\n\t\t\t<dt class='gallery-icon portrait'>\n\t\t\t\t<a data-elementor-open-lightbox=\"yes\" data-elementor-lightbox-slideshow=\"a7a6359\" data-elementor-lightbox-title=\"Dorfkirche 02\" data-e-action-hash=\"#elementor-action%3Aaction%3Dlightbox%26settings%3DeyJpZCI6OTAxLCJ1cmwiOiJodHRwczpcL1wvaGd2LXVudGVybGllZGVyYmFjaC5kZVwvd3AtY29udGVudFwvdXBsb2Fkc1wvMjAyMFwvMDhcL0RvcmZraXJjaGUtMDIuanBnIiwic2xpZGVzaG93IjoiYTdhNjM1OSJ9\" href='https:\/\/hgv-unterliederbach.de\/wp-content\/uploads\/2020\/08\/Dorfkirche-02.jpg'><img loading=\"lazy\" decoding=\"async\" width=\"150\" height=\"150\" src=\"https:\/\/hgv-unterliederbach.de\/wp-content\/uploads\/2020\/08\/Dorfkirche-02-150x150.jpg\" class=\"attachment-thumbnail size-thumbnail\" alt=\"\" srcset=\"https:\/\/hgv-unterliederbach.de\/wp-content\/uploads\/2020\/08\/Dorfkirche-02-150x150.jpg 150w, https:\/\/hgv-unterliederbach.de\/wp-content\/uploads\/2020\/08\/Dorfkirche-02-300x300.jpg 300w\" sizes=\"(max-width: 150px) 100vw, 150px\" \/><\/a>\n\t\t\t<\/dt><\/dl><br style=\"clear: both\" \/><dl class='gallery-item'>\n\t\t\t<dt class='gallery-icon portrait'>\n\t\t\t\t<a data-elementor-open-lightbox=\"yes\" data-elementor-lightbox-slideshow=\"a7a6359\" data-elementor-lightbox-title=\"Dorfkirche 03\" data-e-action-hash=\"#elementor-action%3Aaction%3Dlightbox%26settings%3DeyJpZCI6OTAyLCJ1cmwiOiJodHRwczpcL1wvaGd2LXVudGVybGllZGVyYmFjaC5kZVwvd3AtY29udGVudFwvdXBsb2Fkc1wvMjAyMFwvMDhcL0RvcmZraXJjaGUtMDMuanBnIiwic2xpZGVzaG93IjoiYTdhNjM1OSJ9\" href='https:\/\/hgv-unterliederbach.de\/wp-content\/uploads\/2020\/08\/Dorfkirche-03.jpg'><img loading=\"lazy\" decoding=\"async\" width=\"150\" height=\"150\" src=\"https:\/\/hgv-unterliederbach.de\/wp-content\/uploads\/2020\/08\/Dorfkirche-03-150x150.jpg\" class=\"attachment-thumbnail size-thumbnail\" alt=\"\" srcset=\"https:\/\/hgv-unterliederbach.de\/wp-content\/uploads\/2020\/08\/Dorfkirche-03-150x150.jpg 150w, https:\/\/hgv-unterliederbach.de\/wp-content\/uploads\/2020\/08\/Dorfkirche-03-300x300.jpg 300w\" sizes=\"(max-width: 150px) 100vw, 150px\" \/><\/a>\n\t\t\t<\/dt><\/dl>\n\t\t\t<br style='clear: both' \/>\n\t\t<\/div>\n\t\t<\/div>\n\t\t\t\t\t\t<\/div>\n\t\t\t\t<\/div>\n\t\t\t\t\t<\/div>\n\t\t<\/div>\n\t\t\t\t\t<\/div>\n\t\t<\/section>\n\t\t\t\t<section class=\"elementor-section elementor-top-section elementor-element elementor-element-dfd9a85 elementor-section-boxed elementor-section-height-default elementor-section-height-default\" data-id=\"dfd9a85\" data-element_type=\"section\" data-e-type=\"section\">\n\t\t\t\t\t\t<div class=\"elementor-container elementor-column-gap-default\">\n\t\t\t\t\t<div class=\"elementor-column elementor-col-50 elementor-top-column elementor-element elementor-element-0a26620\" data-id=\"0a26620\" data-element_type=\"column\" data-e-type=\"column\">\n\t\t\t<div class=\"elementor-widget-wrap elementor-element-populated\">\n\t\t\t\t\t\t<div class=\"elementor-element elementor-element-f2829c9 elementor-align-right elementor-widget elementor-widget-button\" data-id=\"f2829c9\" data-element_type=\"widget\" data-e-type=\"widget\" data-widget_type=\"button.default\">\n\t\t\t\t<div class=\"elementor-widget-container\">\n\t\t\t\t\t\t\t\t\t<div class=\"elementor-button-wrapper\">\n\t\t\t\t\t<a class=\"elementor-button elementor-button-link elementor-size-sm\" href=\"https:\/\/hgv-unterliederbach.de\/?page_id=199\">\n\t\t\t\t\t\t<span class=\"elementor-button-content-wrapper\">\n\t\t\t\t\t\t<span class=\"elementor-button-icon\">\n\t\t\t\t<i aria-hidden=\"true\" class=\"far fa-arrow-alt-circle-left\"><\/i>\t\t\t<\/span>\n\t\t\t\t\t\t\t\t\t<span class=\"elementor-button-text\">Zur\u00fcck<\/span>\n\t\t\t\t\t<\/span>\n\t\t\t\t\t<\/a>\n\t\t\t\t<\/div>\n\t\t\t\t\t\t\t\t<\/div>\n\t\t\t\t<\/div>\n\t\t\t\t\t<\/div>\n\t\t<\/div>\n\t\t\t\t<div class=\"elementor-column elementor-col-50 elementor-top-column elementor-element elementor-element-d6a0fd7\" data-id=\"d6a0fd7\" data-element_type=\"column\" data-e-type=\"column\">\n\t\t\t<div class=\"elementor-widget-wrap elementor-element-populated\">\n\t\t\t\t\t\t<div class=\"elementor-element elementor-element-ce5f77d elementor-widget elementor-widget-button\" data-id=\"ce5f77d\" data-element_type=\"widget\" data-e-type=\"widget\" data-widget_type=\"button.default\">\n\t\t\t\t<div class=\"elementor-widget-container\">\n\t\t\t\t\t\t\t\t\t<div class=\"elementor-button-wrapper\">\n\t\t\t\t\t<a class=\"elementor-button elementor-button-link elementor-size-sm\" href=\"https:\/\/hgv-unterliederbach.de\/?page_id=273\">\n\t\t\t\t\t\t<span class=\"elementor-button-content-wrapper\">\n\t\t\t\t\t\t<span class=\"elementor-button-icon\">\n\t\t\t\t<i aria-hidden=\"true\" class=\"far fa-arrow-alt-circle-right\"><\/i>\t\t\t<\/span>\n\t\t\t\t\t\t\t\t\t<span class=\"elementor-button-text\">Bahnhof<\/span>\n\t\t\t\t\t<\/span>\n\t\t\t\t\t<\/a>\n\t\t\t\t<\/div>\n\t\t\t\t\t\t\t\t<\/div>\n\t\t\t\t<\/div>\n\t\t\t\t\t<\/div>\n\t\t<\/div>\n\t\t\t\t\t<\/div>\n\t\t<\/section>\n\t\t\t\t<\/div>\n\t\t","protected":false},"excerpt":{"rendered":"<p>Dorfkirche Durch den 1716 errichteten Eingangsbau betritt der Besucher die Kirche, hier tr\u00e4gt auch das Kirchdach den Spitzhelmdachreiter mit seinen 2 Glocken. Die neue Orgel, 13 Register mit 874 Pfeifen,&hellip;<\/p>\n","protected":false},"author":1,"featured_media":0,"parent":199,"menu_order":1,"comment_status":"closed","ping_status":"closed","template":"elementor_header_footer","meta":{"footnotes":""},"class_list":["post-202","page","type-page","status-publish","hentry"],"_links":{"self":[{"href":"https:\/\/hgv-unterliederbach.de\/index.php?rest_route=\/wp\/v2\/pages\/202","targetHints":{"allow":["GET"]}}],"collection":[{"href":"https:\/\/hgv-unterliederbach.de\/index.php?rest_route=\/wp\/v2\/pages"}],"about":[{"href":"https:\/\/hgv-unterliederbach.de\/index.php?rest_route=\/wp\/v2\/types\/page"}],"author":[{"embeddable":true,"href":"https:\/\/hgv-unterliederbach.de\/index.php?rest_route=\/wp\/v2\/users\/1"}],"replies":[{"embeddable":true,"href":"https:\/\/hgv-unterliederbach.de\/index.php?rest_route=%2Fwp%2Fv2%2Fcomments&post=202"}],"version-history":[{"count":48,"href":"https:\/\/hgv-unterliederbach.de\/index.php?rest_route=\/wp\/v2\/pages\/202\/revisions"}],"predecessor-version":[{"id":2120,"href":"https:\/\/hgv-unterliederbach.de\/index.php?rest_route=\/wp\/v2\/pages\/202\/revisions\/2120"}],"up":[{"embeddable":true,"href":"https:\/\/hgv-unterliederbach.de\/index.php?rest_route=\/wp\/v2\/pages\/199"}],"wp:attachment":[{"href":"https:\/\/hgv-unterliederbach.de\/index.php?rest_route=%2Fwp%2Fv2%2Fmedia&parent=202"}],"curies":[{"name":"wp","href":"https:\/\/api.w.org\/{rel}","templated":true}]}}