{"id":1625,"date":"2020-08-26T17:48:27","date_gmt":"2020-08-26T15:48:27","guid":{"rendered":"https:\/\/hgv-unterliederbach.de\/?page_id=1625"},"modified":"2020-08-27T17:17:47","modified_gmt":"2020-08-27T15:17:47","slug":"herbstfest-2011","status":"publish","type":"page","link":"https:\/\/hgv-unterliederbach.de\/?page_id=1625","title":{"rendered":"Herbstfest 2011"},"content":{"rendered":"\t\t<div data-elementor-type=\"wp-page\" data-elementor-id=\"1625\" class=\"elementor elementor-1625\">\n\t\t\t\t\t\t<section class=\"elementor-section elementor-top-section elementor-element elementor-element-567e0c6 elementor-section-boxed elementor-section-height-default elementor-section-height-default\" data-id=\"567e0c6\" data-element_type=\"section\" data-e-type=\"section\">\n\t\t\t\t\t\t<div class=\"elementor-container elementor-column-gap-default\">\n\t\t\t\t\t<div class=\"elementor-column elementor-col-100 elementor-top-column elementor-element elementor-element-a624c63\" data-id=\"a624c63\" data-element_type=\"column\" data-e-type=\"column\">\n\t\t\t<div class=\"elementor-widget-wrap elementor-element-populated\">\n\t\t\t\t\t\t<div class=\"elementor-element elementor-element-58b7e57 elementor-widget elementor-widget-heading\" data-id=\"58b7e57\" data-element_type=\"widget\" data-e-type=\"widget\" data-widget_type=\"heading.default\">\n\t\t\t\t<div class=\"elementor-widget-container\">\n\t\t\t\t\t<h1 class=\"elementor-heading-title elementor-size-default\">Herbstfest 2011<\/h1>\t\t\t\t<\/div>\n\t\t\t\t<\/div>\n\t\t\t\t\t<\/div>\n\t\t<\/div>\n\t\t\t\t\t<\/div>\n\t\t<\/section>\n\t\t\t\t<section class=\"elementor-section elementor-top-section elementor-element elementor-element-ac17dfd elementor-section-boxed elementor-section-height-default elementor-section-height-default\" data-id=\"ac17dfd\" data-element_type=\"section\" data-e-type=\"section\">\n\t\t\t\t\t\t<div class=\"elementor-container elementor-column-gap-default\">\n\t\t\t\t\t<div class=\"elementor-column elementor-col-33 elementor-top-column elementor-element elementor-element-c29822b\" data-id=\"c29822b\" data-element_type=\"column\" data-e-type=\"column\">\n\t\t\t<div class=\"elementor-widget-wrap elementor-element-populated\">\n\t\t\t\t\t\t<div class=\"elementor-element elementor-element-3f2d3b6 elementor-widget elementor-widget-text-editor\" data-id=\"3f2d3b6\" data-element_type=\"widget\" data-e-type=\"widget\" data-widget_type=\"text-editor.default\">\n\t\t\t\t<div class=\"elementor-widget-container\">\n\t\t\t\t\t\t\t\t\t<p>Am 27. August 2011 fand unser Herbstfest mit einem kleinen Flohmarkt statt.<\/p><p>Es war in den vergangenen Tagen sehr hei\u00df und schw\u00fcl und es k\u00fchlte nach dem Durchzug einer Gewitterfront am vorangegangenen Abend merklich ab. Wir begannen mit gemischten Gef\u00fchlen im leichten Regen das Fest am Morgen aufzubauen. Aber schon w\u00e4hrend des Aufbaues meinte es das Wetter gut mit uns und es kamen die ersten Sonnenstrahlen durch die Wolken.<br \/>Es schauerte am Nachmittag auch hin und wieder, jedoch durch die Pavillons gesch\u00fctzt und bei sehr angenehmen Temperaturen konnten wir wieder zahlreiche Besucher begr\u00fc\u00dfen und ein sch\u00f6nes Fest feiern.<\/p><p>Auch der kleine, feine Flohmarkt wurde ein toller Erfolg. Zahlreiche Mitglieder und Freunde hatten Sachspenden gegeben und auch aus dem Verein wurden St\u00fccke aussortiert, die an dem Nachmittag neue gl\u00fcckliche Besitzer fanden.<\/p><p>\u00a0<\/p>\t\t\t\t\t\t\t\t<\/div>\n\t\t\t\t<\/div>\n\t\t\t\t\t<\/div>\n\t\t<\/div>\n\t\t\t\t<div class=\"elementor-column elementor-col-66 elementor-top-column elementor-element elementor-element-a6dba13\" data-id=\"a6dba13\" data-element_type=\"column\" data-e-type=\"column\">\n\t\t\t<div class=\"elementor-widget-wrap elementor-element-populated\">\n\t\t\t\t\t\t<div class=\"elementor-element elementor-element-cfef735 elementor-arrows-position-inside elementor-pagination-position-outside elementor-widget elementor-widget-image-carousel\" data-id=\"cfef735\" data-element_type=\"widget\" data-e-type=\"widget\" data-settings=\"{&quot;slides_to_show&quot;:&quot;1&quot;,&quot;navigation&quot;:&quot;both&quot;,&quot;autoplay&quot;:&quot;yes&quot;,&quot;pause_on_hover&quot;:&quot;yes&quot;,&quot;pause_on_interaction&quot;:&quot;yes&quot;,&quot;autoplay_speed&quot;:5000,&quot;infinite&quot;:&quot;yes&quot;,&quot;effect&quot;:&quot;slide&quot;,&quot;speed&quot;:500}\" data-widget_type=\"image-carousel.default\">\n\t\t\t\t<div class=\"elementor-widget-container\">\n\t\t\t\t\t\t\t<div class=\"elementor-image-carousel-wrapper swiper\" role=\"region\" aria-roledescription=\"carousel\" aria-label=\"Bild Karussell\" dir=\"ltr\">\n\t\t\t<div class=\"elementor-image-carousel swiper-wrapper\" aria-live=\"off\">\n\t\t\t\t\t\t\t\t<div class=\"swiper-slide\" role=\"group\" aria-roledescription=\"slide\" aria-label=\"1 von 14\"><a data-elementor-open-lightbox=\"yes\" data-elementor-lightbox-slideshow=\"cfef735\" data-elementor-lightbox-title=\"ib_p046_0_1\" data-e-action-hash=\"#elementor-action%3Aaction%3Dlightbox%26settings%3DeyJpZCI6MTYzMSwidXJsIjoiaHR0cHM6XC9cL2hndi11bnRlcmxpZWRlcmJhY2guZGVcL3dwLWNvbnRlbnRcL3VwbG9hZHNcLzIwMjBcLzA4XC9pYl9wMDQ2XzBfMS5qcGciLCJzbGlkZXNob3ciOiJjZmVmNzM1In0%3D\" href=\"https:\/\/hgv-unterliederbach.de\/wp-content\/uploads\/2020\/08\/ib_p046_0_1.jpg\"><figure class=\"swiper-slide-inner\"><img decoding=\"async\" class=\"swiper-slide-image\" src=\"https:\/\/hgv-unterliederbach.de\/wp-content\/uploads\/2020\/08\/ib_p046_0_1.jpg\" alt=\"ib_p046_0_1\" \/><\/figure><\/a><\/div><div class=\"swiper-slide\" role=\"group\" aria-roledescription=\"slide\" aria-label=\"2 von 14\"><a data-elementor-open-lightbox=\"yes\" data-elementor-lightbox-slideshow=\"cfef735\" data-elementor-lightbox-title=\"ib_p046_0_2\" data-e-action-hash=\"#elementor-action%3Aaction%3Dlightbox%26settings%3DeyJpZCI6MTYzMiwidXJsIjoiaHR0cHM6XC9cL2hndi11bnRlcmxpZWRlcmJhY2guZGVcL3dwLWNvbnRlbnRcL3VwbG9hZHNcLzIwMjBcLzA4XC9pYl9wMDQ2XzBfMi5qcGciLCJzbGlkZXNob3ciOiJjZmVmNzM1In0%3D\" href=\"https:\/\/hgv-unterliederbach.de\/wp-content\/uploads\/2020\/08\/ib_p046_0_2.jpg\"><figure class=\"swiper-slide-inner\"><img decoding=\"async\" class=\"swiper-slide-image\" src=\"https:\/\/hgv-unterliederbach.de\/wp-content\/uploads\/2020\/08\/ib_p046_0_2.jpg\" alt=\"ib_p046_0_2\" \/><\/figure><\/a><\/div><div class=\"swiper-slide\" role=\"group\" aria-roledescription=\"slide\" aria-label=\"3 von 14\"><a data-elementor-open-lightbox=\"yes\" data-elementor-lightbox-slideshow=\"cfef735\" data-elementor-lightbox-title=\"ib_p046_0_3\" data-e-action-hash=\"#elementor-action%3Aaction%3Dlightbox%26settings%3DeyJpZCI6MTYzMywidXJsIjoiaHR0cHM6XC9cL2hndi11bnRlcmxpZWRlcmJhY2guZGVcL3dwLWNvbnRlbnRcL3VwbG9hZHNcLzIwMjBcLzA4XC9pYl9wMDQ2XzBfMy5qcGciLCJzbGlkZXNob3ciOiJjZmVmNzM1In0%3D\" href=\"https:\/\/hgv-unterliederbach.de\/wp-content\/uploads\/2020\/08\/ib_p046_0_3.jpg\"><figure class=\"swiper-slide-inner\"><img decoding=\"async\" class=\"swiper-slide-image\" src=\"https:\/\/hgv-unterliederbach.de\/wp-content\/uploads\/2020\/08\/ib_p046_0_3.jpg\" alt=\"ib_p046_0_3\" \/><\/figure><\/a><\/div><div class=\"swiper-slide\" role=\"group\" aria-roledescription=\"slide\" aria-label=\"4 von 14\"><a data-elementor-open-lightbox=\"yes\" data-elementor-lightbox-slideshow=\"cfef735\" data-elementor-lightbox-title=\"ib_p046_0_4\" data-e-action-hash=\"#elementor-action%3Aaction%3Dlightbox%26settings%3DeyJpZCI6MTYzNCwidXJsIjoiaHR0cHM6XC9cL2hndi11bnRlcmxpZWRlcmJhY2guZGVcL3dwLWNvbnRlbnRcL3VwbG9hZHNcLzIwMjBcLzA4XC9pYl9wMDQ2XzBfNC5qcGciLCJzbGlkZXNob3ciOiJjZmVmNzM1In0%3D\" href=\"https:\/\/hgv-unterliederbach.de\/wp-content\/uploads\/2020\/08\/ib_p046_0_4.jpg\"><figure class=\"swiper-slide-inner\"><img decoding=\"async\" class=\"swiper-slide-image\" src=\"https:\/\/hgv-unterliederbach.de\/wp-content\/uploads\/2020\/08\/ib_p046_0_4.jpg\" alt=\"ib_p046_0_4\" \/><\/figure><\/a><\/div><div class=\"swiper-slide\" role=\"group\" aria-roledescription=\"slide\" aria-label=\"5 von 14\"><a data-elementor-open-lightbox=\"yes\" data-elementor-lightbox-slideshow=\"cfef735\" data-elementor-lightbox-title=\"ib_p046_0_5\" data-e-action-hash=\"#elementor-action%3Aaction%3Dlightbox%26settings%3DeyJpZCI6MTY0OSwidXJsIjoiaHR0cHM6XC9cL2hndi11bnRlcmxpZWRlcmJhY2guZGVcL3dwLWNvbnRlbnRcL3VwbG9hZHNcLzIwMjBcLzA4XC9pYl9wMDQ2XzBfNS0yLmpwZyIsInNsaWRlc2hvdyI6ImNmZWY3MzUifQ%3D%3D\" href=\"https:\/\/hgv-unterliederbach.de\/wp-content\/uploads\/2020\/08\/ib_p046_0_5-2.jpg\"><figure class=\"swiper-slide-inner\"><img decoding=\"async\" class=\"swiper-slide-image\" src=\"https:\/\/hgv-unterliederbach.de\/wp-content\/uploads\/2020\/08\/ib_p046_0_5-2.jpg\" alt=\"ib_p046_0_5\" \/><\/figure><\/a><\/div><div class=\"swiper-slide\" role=\"group\" aria-roledescription=\"slide\" aria-label=\"6 von 14\"><a data-elementor-open-lightbox=\"yes\" data-elementor-lightbox-slideshow=\"cfef735\" data-elementor-lightbox-title=\"ib_p046_0_6\" data-e-action-hash=\"#elementor-action%3Aaction%3Dlightbox%26settings%3DeyJpZCI6MTY0NCwidXJsIjoiaHR0cHM6XC9cL2hndi11bnRlcmxpZWRlcmJhY2guZGVcL3dwLWNvbnRlbnRcL3VwbG9hZHNcLzIwMjBcLzA4XC9pYl9wMDQ2XzBfNi0xLmpwZyIsInNsaWRlc2hvdyI6ImNmZWY3MzUifQ%3D%3D\" href=\"https:\/\/hgv-unterliederbach.de\/wp-content\/uploads\/2020\/08\/ib_p046_0_6-1.jpg\"><figure class=\"swiper-slide-inner\"><img decoding=\"async\" class=\"swiper-slide-image\" src=\"https:\/\/hgv-unterliederbach.de\/wp-content\/uploads\/2020\/08\/ib_p046_0_6-1.jpg\" alt=\"ib_p046_0_6\" \/><\/figure><\/a><\/div><div class=\"swiper-slide\" role=\"group\" aria-roledescription=\"slide\" aria-label=\"7 von 14\"><a data-elementor-open-lightbox=\"yes\" data-elementor-lightbox-slideshow=\"cfef735\" data-elementor-lightbox-title=\"ib_p046_0_7\" data-e-action-hash=\"#elementor-action%3Aaction%3Dlightbox%26settings%3DeyJpZCI6MTY1MCwidXJsIjoiaHR0cHM6XC9cL2hndi11bnRlcmxpZWRlcmJhY2guZGVcL3dwLWNvbnRlbnRcL3VwbG9hZHNcLzIwMjBcLzA4XC9pYl9wMDQ2XzBfNy0yLmpwZyIsInNsaWRlc2hvdyI6ImNmZWY3MzUifQ%3D%3D\" href=\"https:\/\/hgv-unterliederbach.de\/wp-content\/uploads\/2020\/08\/ib_p046_0_7-2.jpg\"><figure class=\"swiper-slide-inner\"><img decoding=\"async\" class=\"swiper-slide-image\" src=\"https:\/\/hgv-unterliederbach.de\/wp-content\/uploads\/2020\/08\/ib_p046_0_7-2.jpg\" alt=\"ib_p046_0_7\" \/><\/figure><\/a><\/div><div class=\"swiper-slide\" role=\"group\" aria-roledescription=\"slide\" aria-label=\"8 von 14\"><a data-elementor-open-lightbox=\"yes\" data-elementor-lightbox-slideshow=\"cfef735\" data-elementor-lightbox-title=\"ib_p046_0_8\" data-e-action-hash=\"#elementor-action%3Aaction%3Dlightbox%26settings%3DeyJpZCI6MTYzOCwidXJsIjoiaHR0cHM6XC9cL2hndi11bnRlcmxpZWRlcmJhY2guZGVcL3dwLWNvbnRlbnRcL3VwbG9hZHNcLzIwMjBcLzA4XC9pYl9wMDQ2XzBfOC5qcGciLCJzbGlkZXNob3ciOiJjZmVmNzM1In0%3D\" href=\"https:\/\/hgv-unterliederbach.de\/wp-content\/uploads\/2020\/08\/ib_p046_0_8.jpg\"><figure class=\"swiper-slide-inner\"><img decoding=\"async\" class=\"swiper-slide-image\" src=\"https:\/\/hgv-unterliederbach.de\/wp-content\/uploads\/2020\/08\/ib_p046_0_8.jpg\" alt=\"ib_p046_0_8\" \/><\/figure><\/a><\/div><div class=\"swiper-slide\" role=\"group\" aria-roledescription=\"slide\" aria-label=\"9 von 14\"><a data-elementor-open-lightbox=\"yes\" data-elementor-lightbox-slideshow=\"cfef735\" data-elementor-lightbox-title=\"ib_p046_0_9\" data-e-action-hash=\"#elementor-action%3Aaction%3Dlightbox%26settings%3DeyJpZCI6MTYzOSwidXJsIjoiaHR0cHM6XC9cL2hndi11bnRlcmxpZWRlcmJhY2guZGVcL3dwLWNvbnRlbnRcL3VwbG9hZHNcLzIwMjBcLzA4XC9pYl9wMDQ2XzBfOS5qcGciLCJzbGlkZXNob3ciOiJjZmVmNzM1In0%3D\" href=\"https:\/\/hgv-unterliederbach.de\/wp-content\/uploads\/2020\/08\/ib_p046_0_9.jpg\"><figure class=\"swiper-slide-inner\"><img decoding=\"async\" class=\"swiper-slide-image\" src=\"https:\/\/hgv-unterliederbach.de\/wp-content\/uploads\/2020\/08\/ib_p046_0_9.jpg\" alt=\"ib_p046_0_9\" \/><\/figure><\/a><\/div><div class=\"swiper-slide\" role=\"group\" aria-roledescription=\"slide\" aria-label=\"10 von 14\"><a data-elementor-open-lightbox=\"yes\" data-elementor-lightbox-slideshow=\"cfef735\" data-elementor-lightbox-title=\"ib_p046_0_10\" data-e-action-hash=\"#elementor-action%3Aaction%3Dlightbox%26settings%3DeyJpZCI6MTY0MCwidXJsIjoiaHR0cHM6XC9cL2hndi11bnRlcmxpZWRlcmJhY2guZGVcL3dwLWNvbnRlbnRcL3VwbG9hZHNcLzIwMjBcLzA4XC9pYl9wMDQ2XzBfMTAuanBnIiwic2xpZGVzaG93IjoiY2ZlZjczNSJ9\" href=\"https:\/\/hgv-unterliederbach.de\/wp-content\/uploads\/2020\/08\/ib_p046_0_10.jpg\"><figure class=\"swiper-slide-inner\"><img decoding=\"async\" class=\"swiper-slide-image\" src=\"https:\/\/hgv-unterliederbach.de\/wp-content\/uploads\/2020\/08\/ib_p046_0_10.jpg\" alt=\"ib_p046_0_10\" \/><\/figure><\/a><\/div><div class=\"swiper-slide\" role=\"group\" aria-roledescription=\"slide\" aria-label=\"11 von 14\"><a data-elementor-open-lightbox=\"yes\" data-elementor-lightbox-slideshow=\"cfef735\" data-elementor-lightbox-title=\"ib_p046_0_11\" data-e-action-hash=\"#elementor-action%3Aaction%3Dlightbox%26settings%3DeyJpZCI6MTY0MSwidXJsIjoiaHR0cHM6XC9cL2hndi11bnRlcmxpZWRlcmJhY2guZGVcL3dwLWNvbnRlbnRcL3VwbG9hZHNcLzIwMjBcLzA4XC9pYl9wMDQ2XzBfMTEuanBnIiwic2xpZGVzaG93IjoiY2ZlZjczNSJ9\" href=\"https:\/\/hgv-unterliederbach.de\/wp-content\/uploads\/2020\/08\/ib_p046_0_11.jpg\"><figure class=\"swiper-slide-inner\"><img decoding=\"async\" class=\"swiper-slide-image\" src=\"https:\/\/hgv-unterliederbach.de\/wp-content\/uploads\/2020\/08\/ib_p046_0_11.jpg\" alt=\"ib_p046_0_11\" \/><\/figure><\/a><\/div><div class=\"swiper-slide\" role=\"group\" aria-roledescription=\"slide\" aria-label=\"12 von 14\"><a data-elementor-open-lightbox=\"yes\" data-elementor-lightbox-slideshow=\"cfef735\" data-elementor-lightbox-title=\"ib_p046_0_12\" data-e-action-hash=\"#elementor-action%3Aaction%3Dlightbox%26settings%3DeyJpZCI6MTY0NywidXJsIjoiaHR0cHM6XC9cL2hndi11bnRlcmxpZWRlcmJhY2guZGVcL3dwLWNvbnRlbnRcL3VwbG9hZHNcLzIwMjBcLzA4XC9pYl9wMDQ2XzBfMTItMS5qcGciLCJzbGlkZXNob3ciOiJjZmVmNzM1In0%3D\" href=\"https:\/\/hgv-unterliederbach.de\/wp-content\/uploads\/2020\/08\/ib_p046_0_12-1.jpg\"><figure class=\"swiper-slide-inner\"><img decoding=\"async\" class=\"swiper-slide-image\" src=\"https:\/\/hgv-unterliederbach.de\/wp-content\/uploads\/2020\/08\/ib_p046_0_12-1.jpg\" alt=\"ib_p046_0_12\" \/><\/figure><\/a><\/div><div class=\"swiper-slide\" role=\"group\" aria-roledescription=\"slide\" aria-label=\"13 von 14\"><a data-elementor-open-lightbox=\"yes\" data-elementor-lightbox-slideshow=\"cfef735\" data-elementor-lightbox-title=\"ib_p046_0_13\" data-e-action-hash=\"#elementor-action%3Aaction%3Dlightbox%26settings%3DeyJpZCI6MTY0OCwidXJsIjoiaHR0cHM6XC9cL2hndi11bnRlcmxpZWRlcmJhY2guZGVcL3dwLWNvbnRlbnRcL3VwbG9hZHNcLzIwMjBcLzA4XC9pYl9wMDQ2XzBfMTMtMS5qcGciLCJzbGlkZXNob3ciOiJjZmVmNzM1In0%3D\" href=\"https:\/\/hgv-unterliederbach.de\/wp-content\/uploads\/2020\/08\/ib_p046_0_13-1.jpg\"><figure class=\"swiper-slide-inner\"><img decoding=\"async\" class=\"swiper-slide-image\" src=\"https:\/\/hgv-unterliederbach.de\/wp-content\/uploads\/2020\/08\/ib_p046_0_13-1.jpg\" alt=\"ib_p046_0_13\" \/><\/figure><\/a><\/div><div class=\"swiper-slide\" role=\"group\" aria-roledescription=\"slide\" aria-label=\"14 von 14\"><a data-elementor-open-lightbox=\"yes\" data-elementor-lightbox-slideshow=\"cfef735\" data-elementor-lightbox-title=\"ib_p046_0_14\" data-e-action-hash=\"#elementor-action%3Aaction%3Dlightbox%26settings%3DeyJpZCI6MTYzMCwidXJsIjoiaHR0cHM6XC9cL2hndi11bnRlcmxpZWRlcmJhY2guZGVcL3dwLWNvbnRlbnRcL3VwbG9hZHNcLzIwMjBcLzA4XC9pYl9wMDQ2XzBfMTQuanBnIiwic2xpZGVzaG93IjoiY2ZlZjczNSJ9\" href=\"https:\/\/hgv-unterliederbach.de\/wp-content\/uploads\/2020\/08\/ib_p046_0_14.jpg\"><figure class=\"swiper-slide-inner\"><img decoding=\"async\" class=\"swiper-slide-image\" src=\"https:\/\/hgv-unterliederbach.de\/wp-content\/uploads\/2020\/08\/ib_p046_0_14.jpg\" alt=\"ib_p046_0_14\" \/><\/figure><\/a><\/div>\t\t\t<\/div>\n\t\t\t\t\t\t\t\t\t\t\t\t<div class=\"elementor-swiper-button elementor-swiper-button-prev\" role=\"button\" tabindex=\"0\">\n\t\t\t\t\t\t<i aria-hidden=\"true\" class=\"eicon-chevron-left\"><\/i>\t\t\t\t\t<\/div>\n\t\t\t\t\t<div class=\"elementor-swiper-button elementor-swiper-button-next\" role=\"button\" tabindex=\"0\">\n\t\t\t\t\t\t<i aria-hidden=\"true\" class=\"eicon-chevron-right\"><\/i>\t\t\t\t\t<\/div>\n\t\t\t\t\n\t\t\t\t\t\t\t\t\t<div class=\"swiper-pagination\"><\/div>\n\t\t\t\t\t\t\t\t\t<\/div>\n\t\t\t\t\t\t<\/div>\n\t\t\t\t<\/div>\n\t\t\t\t\t<\/div>\n\t\t<\/div>\n\t\t\t\t\t<\/div>\n\t\t<\/section>\n\t\t\t\t<section class=\"elementor-section elementor-top-section elementor-element elementor-element-fa8c5c8 elementor-section-boxed elementor-section-height-default elementor-section-height-default\" data-id=\"fa8c5c8\" data-element_type=\"section\" data-e-type=\"section\">\n\t\t\t\t\t\t<div class=\"elementor-container elementor-column-gap-default\">\n\t\t\t\t\t<div class=\"elementor-column elementor-col-100 elementor-top-column elementor-element elementor-element-adcd3e9\" data-id=\"adcd3e9\" data-element_type=\"column\" data-e-type=\"column\">\n\t\t\t<div class=\"elementor-widget-wrap elementor-element-populated\">\n\t\t\t\t\t\t<div class=\"elementor-element elementor-element-7a8f9f5 elementor-widget elementor-widget-text-editor\" data-id=\"7a8f9f5\" data-element_type=\"widget\" data-e-type=\"widget\" data-widget_type=\"text-editor.default\">\n\t\t\t\t<div class=\"elementor-widget-container\">\n\t\t\t\t\t\t\t\t\t<p>Der gesamte Erl\u00f6s aus dem Herbstfest ging zugunsten der &#8222;F\u00f6rdergemeinschaft der Kinderklinik Frankfurt &#8211; H\u00f6chst e.V.&#8220;.<\/p><p>An dieser Stelle ein herzlichsten Dank den Personen und Freunden, die durch Ihre Unterst\u00fctzung zum Gelingen dieses Festes beigetragen haben.<\/p>\t\t\t\t\t\t\t\t<\/div>\n\t\t\t\t<\/div>\n\t\t\t\t<div class=\"elementor-element elementor-element-1aabde9 elementor-widget elementor-widget-button\" data-id=\"1aabde9\" data-element_type=\"widget\" data-e-type=\"widget\" data-widget_type=\"button.default\">\n\t\t\t\t<div class=\"elementor-widget-container\">\n\t\t\t\t\t\t\t\t\t<div class=\"elementor-button-wrapper\">\n\t\t\t\t\t<a class=\"elementor-button elementor-button-link elementor-size-sm\" href=\"https:\/\/hgv-unterliederbach.de\/?page_id=1451\">\n\t\t\t\t\t\t<span class=\"elementor-button-content-wrapper\">\n\t\t\t\t\t\t<span class=\"elementor-button-icon\">\n\t\t\t\t<i aria-hidden=\"true\" class=\"far fa-arrow-alt-circle-left\"><\/i>\t\t\t<\/span>\n\t\t\t\t\t\t\t\t\t<span class=\"elementor-button-text\">Zur\u00fcck<\/span>\n\t\t\t\t\t<\/span>\n\t\t\t\t\t<\/a>\n\t\t\t\t<\/div>\n\t\t\t\t\t\t\t\t<\/div>\n\t\t\t\t<\/div>\n\t\t\t\t\t<\/div>\n\t\t<\/div>\n\t\t\t\t\t<\/div>\n\t\t<\/section>\n\t\t\t\t<\/div>\n\t\t","protected":false},"excerpt":{"rendered":"<p>Herbstfest 2011 Am 27. August 2011 fand unser Herbstfest mit einem kleinen Flohmarkt statt. Es war in den vergangenen Tagen sehr hei\u00df und schw\u00fcl und es k\u00fchlte nach dem Durchzug&hellip;<\/p>\n","protected":false},"author":1,"featured_media":0,"parent":1451,"menu_order":0,"comment_status":"closed","ping_status":"closed","template":"elementor_header_footer","meta":{"footnotes":""},"class_list":["post-1625","page","type-page","status-publish","hentry"],"_links":{"self":[{"href":"https:\/\/hgv-unterliederbach.de\/index.php?rest_route=\/wp\/v2\/pages\/1625","targetHints":{"allow":["GET"]}}],"collection":[{"href":"https:\/\/hgv-unterliederbach.de\/index.php?rest_route=\/wp\/v2\/pages"}],"about":[{"href":"https:\/\/hgv-unterliederbach.de\/index.php?rest_route=\/wp\/v2\/types\/page"}],"author":[{"embeddable":true,"href":"https:\/\/hgv-unterliederbach.de\/index.php?rest_route=\/wp\/v2\/users\/1"}],"replies":[{"embeddable":true,"href":"https:\/\/hgv-unterliederbach.de\/index.php?rest_route=%2Fwp%2Fv2%2Fcomments&post=1625"}],"version-history":[{"count":5,"href":"https:\/\/hgv-unterliederbach.de\/index.php?rest_route=\/wp\/v2\/pages\/1625\/revisions"}],"predecessor-version":[{"id":1652,"href":"https:\/\/hgv-unterliederbach.de\/index.php?rest_route=\/wp\/v2\/pages\/1625\/revisions\/1652"}],"up":[{"embeddable":true,"href":"https:\/\/hgv-unterliederbach.de\/index.php?rest_route=\/wp\/v2\/pages\/1451"}],"wp:attachment":[{"href":"https:\/\/hgv-unterliederbach.de\/index.php?rest_route=%2Fwp%2Fv2%2Fmedia&parent=1625"}],"curies":[{"name":"wp","href":"https:\/\/api.w.org\/{rel}","templated":true}]}}