{"id":1610,"date":"2020-08-26T17:37:42","date_gmt":"2020-08-26T15:37:42","guid":{"rendered":"https:\/\/hgv-unterliederbach.de\/?page_id=1610"},"modified":"2020-08-26T17:43:51","modified_gmt":"2020-08-26T15:43:51","slug":"buergerfest-2011","status":"publish","type":"page","link":"https:\/\/hgv-unterliederbach.de\/?page_id=1610","title":{"rendered":"B\u00fcrgerfest 2011"},"content":{"rendered":"\t\t<div data-elementor-type=\"wp-page\" data-elementor-id=\"1610\" class=\"elementor elementor-1610\">\n\t\t\t\t\t\t<section class=\"elementor-section elementor-top-section elementor-element elementor-element-b9b90d3 elementor-section-boxed elementor-section-height-default elementor-section-height-default\" data-id=\"b9b90d3\" data-element_type=\"section\" data-e-type=\"section\">\n\t\t\t\t\t\t<div class=\"elementor-container elementor-column-gap-default\">\n\t\t\t\t\t<div class=\"elementor-column elementor-col-100 elementor-top-column elementor-element elementor-element-ffad861\" data-id=\"ffad861\" data-element_type=\"column\" data-e-type=\"column\">\n\t\t\t<div class=\"elementor-widget-wrap elementor-element-populated\">\n\t\t\t\t\t\t<div class=\"elementor-element elementor-element-a867aa4 elementor-widget elementor-widget-heading\" data-id=\"a867aa4\" data-element_type=\"widget\" data-e-type=\"widget\" data-widget_type=\"heading.default\">\n\t\t\t\t<div class=\"elementor-widget-container\">\n\t\t\t\t\t<h1 class=\"elementor-heading-title elementor-size-default\">B\u00fcrgerfest 2011<\/h1>\t\t\t\t<\/div>\n\t\t\t\t<\/div>\n\t\t\t\t\t<\/div>\n\t\t<\/div>\n\t\t\t\t\t<\/div>\n\t\t<\/section>\n\t\t\t\t<section class=\"elementor-section elementor-top-section elementor-element elementor-element-1ed6765 elementor-section-boxed elementor-section-height-default elementor-section-height-default\" data-id=\"1ed6765\" data-element_type=\"section\" data-e-type=\"section\">\n\t\t\t\t\t\t<div class=\"elementor-container elementor-column-gap-default\">\n\t\t\t\t\t<div class=\"elementor-column elementor-col-33 elementor-top-column elementor-element elementor-element-11f5564\" data-id=\"11f5564\" data-element_type=\"column\" data-e-type=\"column\">\n\t\t\t<div class=\"elementor-widget-wrap elementor-element-populated\">\n\t\t\t\t\t\t<div class=\"elementor-element elementor-element-34f606e elementor-widget elementor-widget-text-editor\" data-id=\"34f606e\" data-element_type=\"widget\" data-e-type=\"widget\" data-widget_type=\"text-editor.default\">\n\t\t\t\t<div class=\"elementor-widget-container\">\n\t\t\t\t\t\t\t\t\t<p>Bei dem am 29.05.2011 stattgefundenen B\u00fcrgerfest an der Ludwig-Erhard-Schule beteiligte sich der Heimat- und Geschichtsverein mit einem Stand.<\/p><p>Bei sch\u00f6nem Wetter konnte man sich \u00fcber die Geschichte von Unterliederbach informieren, alte Fotos des Ortes betrachten und bei einem Gl\u00e4schen Wein und K\u00e4seh\u00e4ppchen Geschichten austauschen.<\/p>\t\t\t\t\t\t\t\t<\/div>\n\t\t\t\t<\/div>\n\t\t\t\t<div class=\"elementor-element elementor-element-3fdb19f elementor-widget elementor-widget-button\" data-id=\"3fdb19f\" data-element_type=\"widget\" data-e-type=\"widget\" data-widget_type=\"button.default\">\n\t\t\t\t<div class=\"elementor-widget-container\">\n\t\t\t\t\t\t\t\t\t<div class=\"elementor-button-wrapper\">\n\t\t\t\t\t<a class=\"elementor-button elementor-button-link elementor-size-sm\" href=\"https:\/\/hgv-unterliederbach.de\/?page_id=1451\">\n\t\t\t\t\t\t<span class=\"elementor-button-content-wrapper\">\n\t\t\t\t\t\t<span class=\"elementor-button-icon\">\n\t\t\t\t<i aria-hidden=\"true\" class=\"far fa-arrow-alt-circle-left\"><\/i>\t\t\t<\/span>\n\t\t\t\t\t\t\t\t\t<span class=\"elementor-button-text\">Zur\u00fcck<\/span>\n\t\t\t\t\t<\/span>\n\t\t\t\t\t<\/a>\n\t\t\t\t<\/div>\n\t\t\t\t\t\t\t\t<\/div>\n\t\t\t\t<\/div>\n\t\t\t\t\t<\/div>\n\t\t<\/div>\n\t\t\t\t<div class=\"elementor-column elementor-col-66 elementor-top-column elementor-element elementor-element-a4fe3db\" data-id=\"a4fe3db\" data-element_type=\"column\" data-e-type=\"column\">\n\t\t\t<div class=\"elementor-widget-wrap elementor-element-populated\">\n\t\t\t\t\t\t<div class=\"elementor-element elementor-element-198fb75 elementor-arrows-position-inside elementor-pagination-position-outside elementor-widget elementor-widget-image-carousel\" data-id=\"198fb75\" data-element_type=\"widget\" data-e-type=\"widget\" data-settings=\"{&quot;slides_to_show&quot;:&quot;1&quot;,&quot;navigation&quot;:&quot;both&quot;,&quot;autoplay&quot;:&quot;yes&quot;,&quot;pause_on_hover&quot;:&quot;yes&quot;,&quot;pause_on_interaction&quot;:&quot;yes&quot;,&quot;autoplay_speed&quot;:5000,&quot;infinite&quot;:&quot;yes&quot;,&quot;effect&quot;:&quot;slide&quot;,&quot;speed&quot;:500}\" data-widget_type=\"image-carousel.default\">\n\t\t\t\t<div class=\"elementor-widget-container\">\n\t\t\t\t\t\t\t<div class=\"elementor-image-carousel-wrapper swiper\" role=\"region\" aria-roledescription=\"carousel\" aria-label=\"Bild Karussell\" dir=\"ltr\">\n\t\t\t<div class=\"elementor-image-carousel swiper-wrapper\" aria-live=\"off\">\n\t\t\t\t\t\t\t\t<div class=\"swiper-slide\" role=\"group\" aria-roledescription=\"slide\" aria-label=\"1 von 9\"><a data-elementor-open-lightbox=\"yes\" data-elementor-lightbox-slideshow=\"198fb75\" data-elementor-lightbox-title=\"ib_p043_0_1\" data-e-action-hash=\"#elementor-action%3Aaction%3Dlightbox%26settings%3DeyJpZCI6MTYxNCwidXJsIjoiaHR0cHM6XC9cL2hndi11bnRlcmxpZWRlcmJhY2guZGVcL3dwLWNvbnRlbnRcL3VwbG9hZHNcLzIwMjBcLzA4XC9pYl9wMDQzXzBfMS5qcGciLCJzbGlkZXNob3ciOiIxOThmYjc1In0%3D\" href=\"https:\/\/hgv-unterliederbach.de\/wp-content\/uploads\/2020\/08\/ib_p043_0_1.jpg\"><figure class=\"swiper-slide-inner\"><img decoding=\"async\" class=\"swiper-slide-image\" src=\"https:\/\/hgv-unterliederbach.de\/wp-content\/uploads\/2020\/08\/ib_p043_0_1.jpg\" alt=\"ib_p043_0_1\" \/><\/figure><\/a><\/div><div class=\"swiper-slide\" role=\"group\" aria-roledescription=\"slide\" aria-label=\"2 von 9\"><a data-elementor-open-lightbox=\"yes\" data-elementor-lightbox-slideshow=\"198fb75\" data-elementor-lightbox-title=\"ib_p043_0_2\" data-e-action-hash=\"#elementor-action%3Aaction%3Dlightbox%26settings%3DeyJpZCI6MTYxNSwidXJsIjoiaHR0cHM6XC9cL2hndi11bnRlcmxpZWRlcmJhY2guZGVcL3dwLWNvbnRlbnRcL3VwbG9hZHNcLzIwMjBcLzA4XC9pYl9wMDQzXzBfMi5qcGciLCJzbGlkZXNob3ciOiIxOThmYjc1In0%3D\" href=\"https:\/\/hgv-unterliederbach.de\/wp-content\/uploads\/2020\/08\/ib_p043_0_2.jpg\"><figure class=\"swiper-slide-inner\"><img decoding=\"async\" class=\"swiper-slide-image\" src=\"https:\/\/hgv-unterliederbach.de\/wp-content\/uploads\/2020\/08\/ib_p043_0_2.jpg\" alt=\"ib_p043_0_2\" \/><\/figure><\/a><\/div><div class=\"swiper-slide\" role=\"group\" aria-roledescription=\"slide\" aria-label=\"3 von 9\"><a data-elementor-open-lightbox=\"yes\" data-elementor-lightbox-slideshow=\"198fb75\" data-elementor-lightbox-title=\"ib_p043_0_3\" data-e-action-hash=\"#elementor-action%3Aaction%3Dlightbox%26settings%3DeyJpZCI6MTYxNiwidXJsIjoiaHR0cHM6XC9cL2hndi11bnRlcmxpZWRlcmJhY2guZGVcL3dwLWNvbnRlbnRcL3VwbG9hZHNcLzIwMjBcLzA4XC9pYl9wMDQzXzBfMy5qcGciLCJzbGlkZXNob3ciOiIxOThmYjc1In0%3D\" href=\"https:\/\/hgv-unterliederbach.de\/wp-content\/uploads\/2020\/08\/ib_p043_0_3.jpg\"><figure class=\"swiper-slide-inner\"><img decoding=\"async\" class=\"swiper-slide-image\" src=\"https:\/\/hgv-unterliederbach.de\/wp-content\/uploads\/2020\/08\/ib_p043_0_3.jpg\" alt=\"ib_p043_0_3\" \/><\/figure><\/a><\/div><div class=\"swiper-slide\" role=\"group\" aria-roledescription=\"slide\" aria-label=\"4 von 9\"><a data-elementor-open-lightbox=\"yes\" data-elementor-lightbox-slideshow=\"198fb75\" data-elementor-lightbox-title=\"ib_p043_0_4\" data-e-action-hash=\"#elementor-action%3Aaction%3Dlightbox%26settings%3DeyJpZCI6MTYxOCwidXJsIjoiaHR0cHM6XC9cL2hndi11bnRlcmxpZWRlcmJhY2guZGVcL3dwLWNvbnRlbnRcL3VwbG9hZHNcLzIwMjBcLzA4XC9pYl9wMDQzXzBfNC5qcGciLCJzbGlkZXNob3ciOiIxOThmYjc1In0%3D\" href=\"https:\/\/hgv-unterliederbach.de\/wp-content\/uploads\/2020\/08\/ib_p043_0_4.jpg\"><figure class=\"swiper-slide-inner\"><img decoding=\"async\" class=\"swiper-slide-image\" src=\"https:\/\/hgv-unterliederbach.de\/wp-content\/uploads\/2020\/08\/ib_p043_0_4.jpg\" alt=\"ib_p043_0_4\" \/><\/figure><\/a><\/div><div class=\"swiper-slide\" role=\"group\" aria-roledescription=\"slide\" aria-label=\"5 von 9\"><a data-elementor-open-lightbox=\"yes\" data-elementor-lightbox-slideshow=\"198fb75\" data-elementor-lightbox-title=\"ib_p043_0_5\" data-e-action-hash=\"#elementor-action%3Aaction%3Dlightbox%26settings%3DeyJpZCI6MTYxOSwidXJsIjoiaHR0cHM6XC9cL2hndi11bnRlcmxpZWRlcmJhY2guZGVcL3dwLWNvbnRlbnRcL3VwbG9hZHNcLzIwMjBcLzA4XC9pYl9wMDQzXzBfNS5qcGciLCJzbGlkZXNob3ciOiIxOThmYjc1In0%3D\" href=\"https:\/\/hgv-unterliederbach.de\/wp-content\/uploads\/2020\/08\/ib_p043_0_5.jpg\"><figure class=\"swiper-slide-inner\"><img decoding=\"async\" class=\"swiper-slide-image\" src=\"https:\/\/hgv-unterliederbach.de\/wp-content\/uploads\/2020\/08\/ib_p043_0_5.jpg\" alt=\"ib_p043_0_5\" \/><\/figure><\/a><\/div><div class=\"swiper-slide\" role=\"group\" aria-roledescription=\"slide\" aria-label=\"6 von 9\"><a data-elementor-open-lightbox=\"yes\" data-elementor-lightbox-slideshow=\"198fb75\" data-elementor-lightbox-title=\"ib_p043_0_6\" data-e-action-hash=\"#elementor-action%3Aaction%3Dlightbox%26settings%3DeyJpZCI6MTYyMCwidXJsIjoiaHR0cHM6XC9cL2hndi11bnRlcmxpZWRlcmJhY2guZGVcL3dwLWNvbnRlbnRcL3VwbG9hZHNcLzIwMjBcLzA4XC9pYl9wMDQzXzBfNi5qcGciLCJzbGlkZXNob3ciOiIxOThmYjc1In0%3D\" href=\"https:\/\/hgv-unterliederbach.de\/wp-content\/uploads\/2020\/08\/ib_p043_0_6.jpg\"><figure class=\"swiper-slide-inner\"><img decoding=\"async\" class=\"swiper-slide-image\" src=\"https:\/\/hgv-unterliederbach.de\/wp-content\/uploads\/2020\/08\/ib_p043_0_6.jpg\" alt=\"ib_p043_0_6\" \/><\/figure><\/a><\/div><div class=\"swiper-slide\" role=\"group\" aria-roledescription=\"slide\" aria-label=\"7 von 9\"><a data-elementor-open-lightbox=\"yes\" data-elementor-lightbox-slideshow=\"198fb75\" data-elementor-lightbox-title=\"ib_p043_0_7\" data-e-action-hash=\"#elementor-action%3Aaction%3Dlightbox%26settings%3DeyJpZCI6MTYyMSwidXJsIjoiaHR0cHM6XC9cL2hndi11bnRlcmxpZWRlcmJhY2guZGVcL3dwLWNvbnRlbnRcL3VwbG9hZHNcLzIwMjBcLzA4XC9pYl9wMDQzXzBfNy5qcGciLCJzbGlkZXNob3ciOiIxOThmYjc1In0%3D\" href=\"https:\/\/hgv-unterliederbach.de\/wp-content\/uploads\/2020\/08\/ib_p043_0_7.jpg\"><figure class=\"swiper-slide-inner\"><img decoding=\"async\" class=\"swiper-slide-image\" src=\"https:\/\/hgv-unterliederbach.de\/wp-content\/uploads\/2020\/08\/ib_p043_0_7.jpg\" alt=\"ib_p043_0_7\" \/><\/figure><\/a><\/div><div class=\"swiper-slide\" role=\"group\" aria-roledescription=\"slide\" aria-label=\"8 von 9\"><a data-elementor-open-lightbox=\"yes\" data-elementor-lightbox-slideshow=\"198fb75\" data-elementor-lightbox-title=\"ib_p043_0_8\" data-e-action-hash=\"#elementor-action%3Aaction%3Dlightbox%26settings%3DeyJpZCI6MTYyMiwidXJsIjoiaHR0cHM6XC9cL2hndi11bnRlcmxpZWRlcmJhY2guZGVcL3dwLWNvbnRlbnRcL3VwbG9hZHNcLzIwMjBcLzA4XC9pYl9wMDQzXzBfOC5qcGciLCJzbGlkZXNob3ciOiIxOThmYjc1In0%3D\" href=\"https:\/\/hgv-unterliederbach.de\/wp-content\/uploads\/2020\/08\/ib_p043_0_8.jpg\"><figure class=\"swiper-slide-inner\"><img decoding=\"async\" class=\"swiper-slide-image\" src=\"https:\/\/hgv-unterliederbach.de\/wp-content\/uploads\/2020\/08\/ib_p043_0_8.jpg\" alt=\"ib_p043_0_8\" \/><\/figure><\/a><\/div><div class=\"swiper-slide\" role=\"group\" aria-roledescription=\"slide\" aria-label=\"9 von 9\"><a data-elementor-open-lightbox=\"yes\" data-elementor-lightbox-slideshow=\"198fb75\" data-elementor-lightbox-title=\"ib_p043_0_9\" data-e-action-hash=\"#elementor-action%3Aaction%3Dlightbox%26settings%3DeyJpZCI6MTYxMywidXJsIjoiaHR0cHM6XC9cL2hndi11bnRlcmxpZWRlcmJhY2guZGVcL3dwLWNvbnRlbnRcL3VwbG9hZHNcLzIwMjBcLzA4XC9pYl9wMDQzXzBfOS5qcGciLCJzbGlkZXNob3ciOiIxOThmYjc1In0%3D\" href=\"https:\/\/hgv-unterliederbach.de\/wp-content\/uploads\/2020\/08\/ib_p043_0_9.jpg\"><figure class=\"swiper-slide-inner\"><img decoding=\"async\" class=\"swiper-slide-image\" src=\"https:\/\/hgv-unterliederbach.de\/wp-content\/uploads\/2020\/08\/ib_p043_0_9.jpg\" alt=\"ib_p043_0_9\" \/><\/figure><\/a><\/div>\t\t\t<\/div>\n\t\t\t\t\t\t\t\t\t\t\t\t<div class=\"elementor-swiper-button elementor-swiper-button-prev\" role=\"button\" tabindex=\"0\">\n\t\t\t\t\t\t<i aria-hidden=\"true\" class=\"eicon-chevron-left\"><\/i>\t\t\t\t\t<\/div>\n\t\t\t\t\t<div class=\"elementor-swiper-button elementor-swiper-button-next\" role=\"button\" tabindex=\"0\">\n\t\t\t\t\t\t<i aria-hidden=\"true\" class=\"eicon-chevron-right\"><\/i>\t\t\t\t\t<\/div>\n\t\t\t\t\n\t\t\t\t\t\t\t\t\t<div class=\"swiper-pagination\"><\/div>\n\t\t\t\t\t\t\t\t\t<\/div>\n\t\t\t\t\t\t<\/div>\n\t\t\t\t<\/div>\n\t\t\t\t\t<\/div>\n\t\t<\/div>\n\t\t\t\t\t<\/div>\n\t\t<\/section>\n\t\t\t\t<\/div>\n\t\t","protected":false},"excerpt":{"rendered":"<p>B\u00fcrgerfest 2011 Bei dem am 29.05.2011 stattgefundenen B\u00fcrgerfest an der Ludwig-Erhard-Schule beteiligte sich der Heimat- und Geschichtsverein mit einem Stand. Bei sch\u00f6nem Wetter konnte man sich \u00fcber die Geschichte von&hellip;<\/p>\n","protected":false},"author":1,"featured_media":0,"parent":1451,"menu_order":0,"comment_status":"closed","ping_status":"closed","template":"elementor_header_footer","meta":{"footnotes":""},"class_list":["post-1610","page","type-page","status-publish","hentry"],"_links":{"self":[{"href":"https:\/\/hgv-unterliederbach.de\/index.php?rest_route=\/wp\/v2\/pages\/1610","targetHints":{"allow":["GET"]}}],"collection":[{"href":"https:\/\/hgv-unterliederbach.de\/index.php?rest_route=\/wp\/v2\/pages"}],"about":[{"href":"https:\/\/hgv-unterliederbach.de\/index.php?rest_route=\/wp\/v2\/types\/page"}],"author":[{"embeddable":true,"href":"https:\/\/hgv-unterliederbach.de\/index.php?rest_route=\/wp\/v2\/users\/1"}],"replies":[{"embeddable":true,"href":"https:\/\/hgv-unterliederbach.de\/index.php?rest_route=%2Fwp%2Fv2%2Fcomments&post=1610"}],"version-history":[{"count":3,"href":"https:\/\/hgv-unterliederbach.de\/index.php?rest_route=\/wp\/v2\/pages\/1610\/revisions"}],"predecessor-version":[{"id":1623,"href":"https:\/\/hgv-unterliederbach.de\/index.php?rest_route=\/wp\/v2\/pages\/1610\/revisions\/1623"}],"up":[{"embeddable":true,"href":"https:\/\/hgv-unterliederbach.de\/index.php?rest_route=\/wp\/v2\/pages\/1451"}],"wp:attachment":[{"href":"https:\/\/hgv-unterliederbach.de\/index.php?rest_route=%2Fwp%2Fv2%2Fmedia&parent=1610"}],"curies":[{"name":"wp","href":"https:\/\/api.w.org\/{rel}","templated":true}]}}